{"id":1564,"date":"2023-06-27T14:38:13","date_gmt":"2023-06-27T14:38:13","guid":{"rendered":"https:\/\/bullfrogtech.com\/blog\/"},"modified":"2023-11-27T10:18:49","modified_gmt":"2023-11-27T10:18:49","slug":"blog","status":"publish","type":"page","link":"https:\/\/bullfrogtech.com\/es\/blog\/","title":{"rendered":"Blog"},"content":{"rendered":"\t\t<div data-elementor-type=\"wp-page\" data-elementor-id=\"1564\" class=\"elementor elementor-1564 elementor-652\" data-elementor-post-type=\"page\">\n\t\t\t\t\t\t<section class=\"elementor-section elementor-top-section elementor-element elementor-element-d90c7a1 elementor-section-height-min-height elementor-section-boxed elementor-section-height-default elementor-section-items-middle\" data-id=\"d90c7a1\" data-element_type=\"section\" data-e-type=\"section\" data-settings=\"{&quot;background_background&quot;:&quot;classic&quot;}\">\n\t\t\t\t\t\t\t<div class=\"elementor-background-overlay\"><\/div>\n\t\t\t\t\t\t\t<div class=\"elementor-container elementor-column-gap-default\">\n\t\t\t\t\t<div class=\"elementor-column elementor-col-50 elementor-top-column elementor-element elementor-element-9b53447\" data-id=\"9b53447\" data-element_type=\"column\" data-e-type=\"column\">\n\t\t\t<div class=\"elementor-widget-wrap elementor-element-populated\">\n\t\t\t\t\t\t<div class=\"elementor-element elementor-element-2bd6d4d elementor-widget elementor-widget-heading\" data-id=\"2bd6d4d\" data-element_type=\"widget\" data-e-type=\"widget\" data-widget_type=\"heading.default\">\n\t\t\t\t<div class=\"elementor-widget-container\">\n\t\t\t\t\t<h1 class=\"elementor-heading-title elementor-size-default\">Blog<\/h1>\t\t\t\t<\/div>\n\t\t\t\t<\/div>\n\t\t\t\t\t<\/div>\n\t\t<\/div>\n\t\t\t\t<div class=\"elementor-column elementor-col-50 elementor-top-column elementor-element elementor-element-1ff5735\" data-id=\"1ff5735\" data-element_type=\"column\" data-e-type=\"column\">\n\t\t\t<div class=\"elementor-widget-wrap\">\n\t\t\t\t\t\t\t<\/div>\n\t\t<\/div>\n\t\t\t\t\t<\/div>\n\t\t<\/section>\n\t\t\t\t<section class=\"elementor-section elementor-top-section elementor-element elementor-element-bbd2f48 elementor-section-boxed elementor-section-height-default elementor-section-height-default\" data-id=\"bbd2f48\" data-element_type=\"section\" data-e-type=\"section\" data-settings=\"{&quot;background_background&quot;:&quot;classic&quot;}\">\n\t\t\t\t\t\t<div class=\"elementor-container elementor-column-gap-default\">\n\t\t\t\t\t<div class=\"elementor-column elementor-col-100 elementor-top-column elementor-element elementor-element-ef039c5\" data-id=\"ef039c5\" data-element_type=\"column\" data-e-type=\"column\">\n\t\t\t<div class=\"elementor-widget-wrap elementor-element-populated\">\n\t\t\t\t\t\t<div class=\"elementor-element elementor-element-cc00f5e elementor-widget elementor-widget-heading\" data-id=\"cc00f5e\" data-element_type=\"widget\" data-e-type=\"widget\" data-widget_type=\"heading.default\">\n\t\t\t\t<div class=\"elementor-widget-container\">\n\t\t\t\t\t<p class=\"elementor-heading-title elementor-size-default\">categor\u00eda<\/p>\t\t\t\t<\/div>\n\t\t\t\t<\/div>\n\t\t\t\t<div class=\"elementor-element elementor-element-64ac3f4 elementor-icon-list--layout-inline elementor-align-center elementor-mobile-align-center elementor-list-item-link-full_width elementor-widget elementor-widget-icon-list\" data-id=\"64ac3f4\" data-element_type=\"widget\" data-e-type=\"widget\" data-widget_type=\"icon-list.default\">\n\t\t\t\t<div class=\"elementor-widget-container\">\n\t\t\t\t\t\t\t<ul class=\"elementor-icon-list-items elementor-inline-items\">\n\t\t\t\t\t\t\t<li class=\"elementor-icon-list-item elementor-inline-item\">\n\t\t\t\t\t\t\t\t\t\t\t<a href=\"https:\/\/bullfrogtech.com\/es\/blog\">\n\n\t\t\t\t\t\t\t\t\t\t\t<span class=\"elementor-icon-list-text\"><span style=\"color:#6EA500\">Todo<\/span><\/span>\n\t\t\t\t\t\t\t\t\t\t\t<\/a>\n\t\t\t\t\t\t\t\t\t<\/li>\n\t\t\t\t\t\t\t\t<li class=\"elementor-icon-list-item elementor-inline-item\">\n\t\t\t\t\t\t\t\t\t\t\t<a href=\"https:\/\/bullfrogtech.com\/es\/category\/centros-comunitarios-y-recreativos\/\">\n\n\t\t\t\t\t\t\t\t\t\t\t<span class=\"elementor-icon-list-text\"> Centros comunitarios y recreativos<\/span>\n\t\t\t\t\t\t\t\t\t\t\t<\/a>\n\t\t\t\t\t\t\t\t\t<\/li>\n\t\t\t\t\t\t\t\t<li class=\"elementor-icon-list-item elementor-inline-item\">\n\t\t\t\t\t\t\t\t\t\t\t<a href=\"https:\/\/bullfrogtech.com\/es\/category\/cuidado-de-la-salud\/\">\n\n\t\t\t\t\t\t\t\t\t\t\t<span class=\"elementor-icon-list-text\">Cuidado de la salud<\/span>\n\t\t\t\t\t\t\t\t\t\t\t<\/a>\n\t\t\t\t\t\t\t\t\t<\/li>\n\t\t\t\t\t\t\t\t<li class=\"elementor-icon-list-item elementor-inline-item\">\n\t\t\t\t\t\t\t\t\t\t\t<a href=\"https:\/\/bullfrogtech.com\/es\/category\/cafeterias-de-oficina\/\">\n\n\t\t\t\t\t\t\t\t\t\t\t<span class=\"elementor-icon-list-text\">Cafeter\u00edas de oficina<\/span>\n\t\t\t\t\t\t\t\t\t\t\t<\/a>\n\t\t\t\t\t\t\t\t\t<\/li>\n\t\t\t\t\t\t\t\t<li class=\"elementor-icon-list-item elementor-inline-item\">\n\t\t\t\t\t\t\t\t\t\t\t<a href=\"https:\/\/bullfrogtech.com\/es\/category\/escuelas-k-12-publicas-y-privadas\/\">\n\n\t\t\t\t\t\t\t\t\t\t\t<span class=\"elementor-icon-list-text\">Escuelas (K-12, p\u00fablicas y privadas)<\/span>\n\t\t\t\t\t\t\t\t\t\t\t<\/a>\n\t\t\t\t\t\t\t\t\t<\/li>\n\t\t\t\t\t\t\t\t<li class=\"elementor-icon-list-item elementor-inline-item\">\n\t\t\t\t\t\t\t\t\t\t\t<a href=\"https:\/\/bullfrogtech.com\/es\/category\/cuidado-de-personas-mayores\/\">\n\n\t\t\t\t\t\t\t\t\t\t\t<span class=\"elementor-icon-list-text\">Cuidado de personas mayores<\/span>\n\t\t\t\t\t\t\t\t\t\t\t<\/a>\n\t\t\t\t\t\t\t\t\t<\/li>\n\t\t\t\t\t\t<\/ul>\n\t\t\t\t\t\t<\/div>\n\t\t\t\t<\/div>\n\t\t\t\t\t<\/div>\n\t\t<\/div>\n\t\t\t\t\t<\/div>\n\t\t<\/section>\n\t\t\t\t<section class=\"elementor-section elementor-top-section elementor-element elementor-element-c1ee0ec elementor-section-boxed elementor-section-height-default elementor-section-height-default\" data-id=\"c1ee0ec\" data-element_type=\"section\" data-e-type=\"section\" data-settings=\"{&quot;background_background&quot;:&quot;classic&quot;}\">\n\t\t\t\t\t\t<div class=\"elementor-container elementor-column-gap-default\">\n\t\t\t\t\t<div class=\"elementor-column elementor-col-100 elementor-top-column elementor-element elementor-element-aae7242\" data-id=\"aae7242\" data-element_type=\"column\" data-e-type=\"column\">\n\t\t\t<div class=\"elementor-widget-wrap elementor-element-populated\">\n\t\t\t\t\t\t<div class=\"elementor-element elementor-element-6c876ea elementor-grid-3 elementor-grid-tablet-2 elementor-grid-mobile-1 elementor-posts--thumbnail-top elementor-card-shadow-yes elementor-posts__hover-gradient elementor-widget elementor-widget-posts\" data-id=\"6c876ea\" data-element_type=\"widget\" data-e-type=\"widget\" data-settings=\"{&quot;pagination_type&quot;:&quot;load_more_infinite_scroll&quot;,&quot;cards_columns&quot;:&quot;3&quot;,&quot;cards_columns_tablet&quot;:&quot;2&quot;,&quot;cards_columns_mobile&quot;:&quot;1&quot;,&quot;cards_row_gap&quot;:{&quot;unit&quot;:&quot;px&quot;,&quot;size&quot;:35,&quot;sizes&quot;:[]},&quot;cards_row_gap_tablet&quot;:{&quot;unit&quot;:&quot;px&quot;,&quot;size&quot;:&quot;&quot;,&quot;sizes&quot;:[]},&quot;cards_row_gap_mobile&quot;:{&quot;unit&quot;:&quot;px&quot;,&quot;size&quot;:&quot;&quot;,&quot;sizes&quot;:[]},&quot;load_more_spinner&quot;:{&quot;value&quot;:&quot;fas fa-spinner&quot;,&quot;library&quot;:&quot;fa-solid&quot;}}\" data-widget_type=\"posts.cards\">\n\t\t\t\t<div class=\"elementor-widget-container\">\n\t\t\t\t\t\t\t<div class=\"elementor-posts-container elementor-posts elementor-posts--skin-cards elementor-grid\" role=\"list\">\n\t\t\t\t<article class=\"elementor-post elementor-grid-item post-1650 post type-post status-publish format-standard has-post-thumbnail hentry category-escuelas-k-12-publicas-y-privadas\" role=\"listitem\">\n\t\t\t<div class=\"elementor-post__card\">\n\t\t\t\t<a class=\"elementor-post__thumbnail__link\" href=\"https:\/\/bullfrogtech.com\/es\/como-facilitar-el-distanciamiento-social-en-las-cafeterias-de-las-escuelas-k-12\/\" tabindex=\"-1\" ><div class=\"elementor-post__thumbnail\"><img fetchpriority=\"high\" decoding=\"async\" width=\"300\" height=\"188\" src=\"https:\/\/bullfrogtech.com\/wp-content\/uploads\/2023\/06\/social-distancing-k-12-school-cafeteria-bullfrogtech-300x188.jpg\" class=\"attachment-medium size-medium wp-image-1470\" alt=\"\" srcset=\"https:\/\/bullfrogtech.com\/wp-content\/uploads\/2023\/06\/social-distancing-k-12-school-cafeteria-bullfrogtech-300x188.jpg 300w, https:\/\/bullfrogtech.com\/wp-content\/uploads\/2023\/06\/social-distancing-k-12-school-cafeteria-bullfrogtech-1024x640.jpg 1024w, https:\/\/bullfrogtech.com\/wp-content\/uploads\/2023\/06\/social-distancing-k-12-school-cafeteria-bullfrogtech-768x480.jpg 768w, https:\/\/bullfrogtech.com\/wp-content\/uploads\/2023\/06\/social-distancing-k-12-school-cafeteria-bullfrogtech.jpg 1080w\" sizes=\"(max-width: 300px) 100vw, 300px\" \/><\/div><\/a>\n\t\t\t\t<div class=\"elementor-post__text\">\n\t\t\t\t<h3 class=\"elementor-post__title\">\n\t\t\t<a href=\"https:\/\/bullfrogtech.com\/es\/como-facilitar-el-distanciamiento-social-en-las-cafeterias-de-las-escuelas-k-12\/\" >\n\t\t\t\tC\u00f3mo facilitar el distanciamiento social en las cafeter\u00edas de las escuelas K-12\t\t\t<\/a>\n\t\t<\/h3>\n\t\t\t\t<div class=\"elementor-post__excerpt\">\n\t\t\t<p>&#13; Con la reapertura de algunas escuelas en provincias selectas de Canad\u00e1, es dif\u00edcil ignorar las preocupaciones de los estudiantes, padres, maestros y otros miembros<\/p>\n\t\t<\/div>\n\t\t\n\t\t<a class=\"elementor-post__read-more\" href=\"https:\/\/bullfrogtech.com\/es\/como-facilitar-el-distanciamiento-social-en-las-cafeterias-de-las-escuelas-k-12\/\" aria-label=\"M\u00e1s informaci\u00f3n sobre C\u00f3mo facilitar el distanciamiento social en las cafeter\u00edas de las escuelas K-12\" tabindex=\"-1\" >\n\t\t\tLeer m\u00e1s\t\t<\/a>\n\n\t\t\t\t<\/div>\n\t\t\t\t<div class=\"elementor-post__meta-data\">\n\t\t\t\t\t<span class=\"elementor-post-date\">\n\t\t\tjunio 8, 2020\t\t<\/span>\n\t\t\t\t<\/div>\n\t\t\t\t\t<\/div>\n\t\t<\/article>\n\t\t\t\t<article class=\"elementor-post elementor-grid-item post-1652 post type-post status-publish format-standard has-post-thumbnail hentry category-cafeterias-de-oficina category-centros-comunitarios-y-recreativos category-cuidado-de-la-salud category-cuidado-de-personas-mayores category-escuelas-k-12-publicas-y-privadas\" role=\"listitem\">\n\t\t\t<div class=\"elementor-post__card\">\n\t\t\t\t<a class=\"elementor-post__thumbnail__link\" href=\"https:\/\/bullfrogtech.com\/es\/pequenas-transacciones-podemos-permitirnos-el-lujo-de-utilizar-tarjetas-de-credito\/\" tabindex=\"-1\" ><div class=\"elementor-post__thumbnail\"><img decoding=\"async\" width=\"300\" height=\"188\" src=\"https:\/\/bullfrogtech.com\/wp-content\/uploads\/2023\/06\/small-transaction-fees-Bullfrog-Pay-1080x675-1-1080x675-1-300x188.jpg\" class=\"attachment-medium size-medium wp-image-1471\" alt=\"\" srcset=\"https:\/\/bullfrogtech.com\/wp-content\/uploads\/2023\/06\/small-transaction-fees-Bullfrog-Pay-1080x675-1-1080x675-1-300x188.jpg 300w, https:\/\/bullfrogtech.com\/wp-content\/uploads\/2023\/06\/small-transaction-fees-Bullfrog-Pay-1080x675-1-1080x675-1-1024x640.jpg 1024w, https:\/\/bullfrogtech.com\/wp-content\/uploads\/2023\/06\/small-transaction-fees-Bullfrog-Pay-1080x675-1-1080x675-1-768x480.jpg 768w, https:\/\/bullfrogtech.com\/wp-content\/uploads\/2023\/06\/small-transaction-fees-Bullfrog-Pay-1080x675-1-1080x675-1.jpg 1080w\" sizes=\"(max-width: 300px) 100vw, 300px\" \/><\/div><\/a>\n\t\t\t\t<div class=\"elementor-post__text\">\n\t\t\t\t<h3 class=\"elementor-post__title\">\n\t\t\t<a href=\"https:\/\/bullfrogtech.com\/es\/pequenas-transacciones-podemos-permitirnos-el-lujo-de-utilizar-tarjetas-de-credito\/\" >\n\t\t\t\tPeque\u00f1as transacciones: \u00bfpodemos permitirnos el lujo de utilizar tarjetas de cr\u00e9dito?\t\t\t<\/a>\n\t\t<\/h3>\n\t\t\t\t<div class=\"elementor-post__excerpt\">\n\t\t\t<p>&#13; Cuando su equipo de finanzas echa un vistazo a todas las transacciones individuales de bananas en el \u00faltimo trimestre, puede causarles verg\u00fcenza. \u00bfPor qu\u00e9?<\/p>\n\t\t<\/div>\n\t\t\n\t\t<a class=\"elementor-post__read-more\" href=\"https:\/\/bullfrogtech.com\/es\/pequenas-transacciones-podemos-permitirnos-el-lujo-de-utilizar-tarjetas-de-credito\/\" aria-label=\"M\u00e1s informaci\u00f3n sobre Peque\u00f1as transacciones: \u00bfpodemos permitirnos el lujo de utilizar tarjetas de cr\u00e9dito?\" tabindex=\"-1\" >\n\t\t\tLeer m\u00e1s\t\t<\/a>\n\n\t\t\t\t<\/div>\n\t\t\t\t<div class=\"elementor-post__meta-data\">\n\t\t\t\t\t<span class=\"elementor-post-date\">\n\t\t\tabril 4, 2020\t\t<\/span>\n\t\t\t\t<\/div>\n\t\t\t\t\t<\/div>\n\t\t<\/article>\n\t\t\t\t<article class=\"elementor-post elementor-grid-item post-1654 post type-post status-publish format-standard has-post-thumbnail hentry category-cafeterias-de-oficina category-centros-comunitarios-y-recreativos category-cuidado-de-la-salud category-cuidado-de-personas-mayores category-escuelas-k-12-publicas-y-privadas\" role=\"listitem\">\n\t\t\t<div class=\"elementor-post__card\">\n\t\t\t\t<a class=\"elementor-post__thumbnail__link\" href=\"https:\/\/bullfrogtech.com\/es\/pedidos-moviles-las-cafeterias-del-siglo-xxi\/\" tabindex=\"-1\" ><div class=\"elementor-post__thumbnail\"><img decoding=\"async\" width=\"300\" height=\"188\" src=\"https:\/\/bullfrogtech.com\/wp-content\/uploads\/2023\/06\/mobile-ordering-future-cafeterias-bullfrogtech-1080x675-1-1080x675-1-300x188.jpg\" class=\"attachment-medium size-medium wp-image-1472\" alt=\"\" srcset=\"https:\/\/bullfrogtech.com\/wp-content\/uploads\/2023\/06\/mobile-ordering-future-cafeterias-bullfrogtech-1080x675-1-1080x675-1-300x188.jpg 300w, https:\/\/bullfrogtech.com\/wp-content\/uploads\/2023\/06\/mobile-ordering-future-cafeterias-bullfrogtech-1080x675-1-1080x675-1-1024x640.jpg 1024w, https:\/\/bullfrogtech.com\/wp-content\/uploads\/2023\/06\/mobile-ordering-future-cafeterias-bullfrogtech-1080x675-1-1080x675-1-768x480.jpg 768w, https:\/\/bullfrogtech.com\/wp-content\/uploads\/2023\/06\/mobile-ordering-future-cafeterias-bullfrogtech-1080x675-1-1080x675-1.jpg 1080w\" sizes=\"(max-width: 300px) 100vw, 300px\" \/><\/div><\/a>\n\t\t\t\t<div class=\"elementor-post__text\">\n\t\t\t\t<h3 class=\"elementor-post__title\">\n\t\t\t<a href=\"https:\/\/bullfrogtech.com\/es\/pedidos-moviles-las-cafeterias-del-siglo-xxi\/\" >\n\t\t\t\tPedidos m\u00f3viles: las cafeter\u00edas del siglo XXI\t\t\t<\/a>\n\t\t<\/h3>\n\t\t\t\t<div class=\"elementor-post__excerpt\">\n\t\t\t<p>&#13; Si bien los pedidos m\u00f3viles est\u00e1n ampliamente disponibles para las cadenas de comida r\u00e1pida y los restaurantes, a\u00fan no han tenido un impacto significativo<\/p>\n\t\t<\/div>\n\t\t\n\t\t<a class=\"elementor-post__read-more\" href=\"https:\/\/bullfrogtech.com\/es\/pedidos-moviles-las-cafeterias-del-siglo-xxi\/\" aria-label=\"M\u00e1s informaci\u00f3n sobre Pedidos m\u00f3viles: las cafeter\u00edas del siglo XXI\" tabindex=\"-1\" >\n\t\t\tLeer m\u00e1s\t\t<\/a>\n\n\t\t\t\t<\/div>\n\t\t\t\t<div class=\"elementor-post__meta-data\">\n\t\t\t\t\t<span class=\"elementor-post-date\">\n\t\t\tfebrero 19, 2020\t\t<\/span>\n\t\t\t\t<\/div>\n\t\t\t\t\t<\/div>\n\t\t<\/article>\n\t\t\t\t<article class=\"elementor-post elementor-grid-item post-1656 post type-post status-publish format-standard has-post-thumbnail hentry category-cafeterias-de-oficina category-centros-comunitarios-y-recreativos category-cuidado-de-la-salud category-cuidado-de-personas-mayores category-escuelas-k-12-publicas-y-privadas\" role=\"listitem\">\n\t\t\t<div class=\"elementor-post__card\">\n\t\t\t\t<a class=\"elementor-post__thumbnail__link\" href=\"https:\/\/bullfrogtech.com\/es\/gestion-diaria-de-efectivo\/\" tabindex=\"-1\" ><div class=\"elementor-post__thumbnail\"><img loading=\"lazy\" decoding=\"async\" width=\"300\" height=\"188\" src=\"https:\/\/bullfrogtech.com\/wp-content\/uploads\/2023\/06\/Daily-Cash-Management-canadian-coins-Bullfrog-Pay-1080x675-1-1080x675-1-300x188.jpg\" class=\"attachment-medium size-medium wp-image-1487\" alt=\"\" srcset=\"https:\/\/bullfrogtech.com\/wp-content\/uploads\/2023\/06\/Daily-Cash-Management-canadian-coins-Bullfrog-Pay-1080x675-1-1080x675-1-300x188.jpg 300w, https:\/\/bullfrogtech.com\/wp-content\/uploads\/2023\/06\/Daily-Cash-Management-canadian-coins-Bullfrog-Pay-1080x675-1-1080x675-1-1024x640.jpg 1024w, https:\/\/bullfrogtech.com\/wp-content\/uploads\/2023\/06\/Daily-Cash-Management-canadian-coins-Bullfrog-Pay-1080x675-1-1080x675-1-768x480.jpg 768w, https:\/\/bullfrogtech.com\/wp-content\/uploads\/2023\/06\/Daily-Cash-Management-canadian-coins-Bullfrog-Pay-1080x675-1-1080x675-1.jpg 1080w\" sizes=\"(max-width: 300px) 100vw, 300px\" \/><\/div><\/a>\n\t\t\t\t<div class=\"elementor-post__text\">\n\t\t\t\t<h3 class=\"elementor-post__title\">\n\t\t\t<a href=\"https:\/\/bullfrogtech.com\/es\/gestion-diaria-de-efectivo\/\" >\n\t\t\t\tGesti\u00f3n diaria de efectivo\t\t\t<\/a>\n\t\t<\/h3>\n\t\t\t\t<div class=\"elementor-post__excerpt\">\n\t\t\t<p>&#13; Cualquier cafeter\u00eda o tienda de golosinas con caja registradora debe implementar procedimientos adecuados de manejo de efectivo para proteger a la organizaci\u00f3n y a<\/p>\n\t\t<\/div>\n\t\t\n\t\t<a class=\"elementor-post__read-more\" href=\"https:\/\/bullfrogtech.com\/es\/gestion-diaria-de-efectivo\/\" aria-label=\"M\u00e1s informaci\u00f3n sobre Gesti\u00f3n diaria de efectivo\" tabindex=\"-1\" >\n\t\t\tLeer m\u00e1s\t\t<\/a>\n\n\t\t\t\t<\/div>\n\t\t\t\t<div class=\"elementor-post__meta-data\">\n\t\t\t\t\t<span class=\"elementor-post-date\">\n\t\t\tenero 12, 2020\t\t<\/span>\n\t\t\t\t<\/div>\n\t\t\t\t\t<\/div>\n\t\t<\/article>\n\t\t\t\t<article class=\"elementor-post elementor-grid-item post-1658 post type-post status-publish format-standard has-post-thumbnail hentry category-cafeterias-de-oficina category-centros-comunitarios-y-recreativos category-cuidado-de-la-salud category-cuidado-de-personas-mayores category-escuelas-k-12-publicas-y-privadas\" role=\"listitem\">\n\t\t\t<div class=\"elementor-post__card\">\n\t\t\t\t<a class=\"elementor-post__thumbnail__link\" href=\"https:\/\/bullfrogtech.com\/es\/como-limpiar-correctamente-las-superficies-de-la-pantalla-tactil-de-un-pos\/\" tabindex=\"-1\" ><div class=\"elementor-post__thumbnail\"><img loading=\"lazy\" decoding=\"async\" width=\"300\" height=\"188\" src=\"https:\/\/bullfrogtech.com\/wp-content\/uploads\/2023\/06\/How-to-clean-POS-Touch-Screen-surfaces-Bullfrog-Tech-1080x675-1-1080x675-1-300x188.jpg\" class=\"attachment-medium size-medium wp-image-1488\" alt=\"\" srcset=\"https:\/\/bullfrogtech.com\/wp-content\/uploads\/2023\/06\/How-to-clean-POS-Touch-Screen-surfaces-Bullfrog-Tech-1080x675-1-1080x675-1-300x188.jpg 300w, https:\/\/bullfrogtech.com\/wp-content\/uploads\/2023\/06\/How-to-clean-POS-Touch-Screen-surfaces-Bullfrog-Tech-1080x675-1-1080x675-1-1024x640.jpg 1024w, https:\/\/bullfrogtech.com\/wp-content\/uploads\/2023\/06\/How-to-clean-POS-Touch-Screen-surfaces-Bullfrog-Tech-1080x675-1-1080x675-1-768x480.jpg 768w, https:\/\/bullfrogtech.com\/wp-content\/uploads\/2023\/06\/How-to-clean-POS-Touch-Screen-surfaces-Bullfrog-Tech-1080x675-1-1080x675-1.jpg 1080w\" sizes=\"(max-width: 300px) 100vw, 300px\" \/><\/div><\/a>\n\t\t\t\t<div class=\"elementor-post__text\">\n\t\t\t\t<h3 class=\"elementor-post__title\">\n\t\t\t<a href=\"https:\/\/bullfrogtech.com\/es\/como-limpiar-correctamente-las-superficies-de-la-pantalla-tactil-de-un-pos\/\" >\n\t\t\t\tC\u00f3mo limpiar correctamente las superficies de la pantalla t\u00e1ctil de un POS\t\t\t<\/a>\n\t\t<\/h3>\n\t\t\t\t<div class=\"elementor-post__excerpt\">\n\t\t\t<p>Bullfrog est\u00e1 muy orgulloso de ser un socio autorizado de Toshiba TCAP y ha proporcionado informaci\u00f3n muy oportuna sobre la limpieza adecuada de las superficies<\/p>\n\t\t<\/div>\n\t\t\n\t\t<a class=\"elementor-post__read-more\" href=\"https:\/\/bullfrogtech.com\/es\/como-limpiar-correctamente-las-superficies-de-la-pantalla-tactil-de-un-pos\/\" aria-label=\"M\u00e1s informaci\u00f3n sobre C\u00f3mo limpiar correctamente las superficies de la pantalla t\u00e1ctil de un POS\" tabindex=\"-1\" >\n\t\t\tLeer m\u00e1s\t\t<\/a>\n\n\t\t\t\t<\/div>\n\t\t\t\t<div class=\"elementor-post__meta-data\">\n\t\t\t\t\t<span class=\"elementor-post-date\">\n\t\t\tdiciembre 18, 2019\t\t<\/span>\n\t\t\t\t<\/div>\n\t\t\t\t\t<\/div>\n\t\t<\/article>\n\t\t\t\t<\/div>\n\t\t\t\t\t<span class=\"e-load-more-spinner\">\n\t\t\t\t<i aria-hidden=\"true\" class=\"fas fa-spinner\"><\/i>\t\t\t<\/span>\n\t\t\n\t\t\t\t\t\t<\/div>\n\t\t\t\t<\/div>\n\t\t\t\t\t<\/div>\n\t\t<\/div>\n\t\t\t\t\t<\/div>\n\t\t<\/section>\n\t\t\t\t<\/div>\n\t\t","protected":false},"excerpt":{"rendered":"<p>Blog categor\u00eda Todo Centros comunitarios y recreativos Cuidado de la salud Cafeter\u00edas de oficina Escuelas (K-12, p\u00fablicas y privadas) Cuidado de personas mayores<\/p>\n","protected":false},"author":1,"featured_media":0,"parent":0,"menu_order":0,"comment_status":"closed","ping_status":"closed","template":"","meta":{"_acf_changed":false,"_monsterinsights_skip_tracking":false,"_monsterinsights_sitenote_active":false,"_monsterinsights_sitenote_note":"","_monsterinsights_sitenote_category":0,"footnotes":""},"class_list":["post-1564","page","type-page","status-publish","hentry"],"acf":[],"yoast_head":"<!-- This site is optimized with the Yoast SEO plugin v22.0 - https:\/\/yoast.com\/wordpress\/plugins\/seo\/ -->\n<title>Blog - BullfrogTech<\/title>\n<meta name=\"robots\" content=\"index, follow, max-snippet:-1, max-image-preview:large, max-video-preview:-1\" \/>\n<link rel=\"canonical\" href=\"https:\/\/bullfrogtech.com\/es\/blog\/\" \/>\n<meta property=\"og:locale\" content=\"es_ES\" \/>\n<meta property=\"og:type\" content=\"article\" \/>\n<meta property=\"og:title\" content=\"Blog - BullfrogTech\" \/>\n<meta property=\"og:description\" content=\"Blog categor\u00eda Todo Centros comunitarios y recreativos Cuidado de la salud Cafeter\u00edas de oficina Escuelas (K-12, p\u00fablicas y privadas) Cuidado de personas mayores\" \/>\n<meta property=\"og:url\" content=\"https:\/\/bullfrogtech.com\/es\/blog\/\" \/>\n<meta property=\"og:site_name\" content=\"BullfrogTech\" \/>\n<meta property=\"article:modified_time\" content=\"2023-11-27T10:18:49+00:00\" \/>\n<meta name=\"twitter:card\" content=\"summary_large_image\" \/>\n<script type=\"application\/ld+json\" class=\"yoast-schema-graph\">{\"@context\":\"https:\/\/schema.org\",\"@graph\":[{\"@type\":\"WebPage\",\"@id\":\"https:\/\/bullfrogtech.com\/es\/blog\/\",\"url\":\"https:\/\/bullfrogtech.com\/es\/blog\/\",\"name\":\"Blog - BullfrogTech\",\"isPartOf\":{\"@id\":\"https:\/\/bullfrogtech.com\/es\/#website\"},\"datePublished\":\"2023-06-27T14:38:13+00:00\",\"dateModified\":\"2023-11-27T10:18:49+00:00\",\"breadcrumb\":{\"@id\":\"https:\/\/bullfrogtech.com\/es\/blog\/#breadcrumb\"},\"inLanguage\":\"es\",\"potentialAction\":[{\"@type\":\"ReadAction\",\"target\":[\"https:\/\/bullfrogtech.com\/es\/blog\/\"]}]},{\"@type\":\"BreadcrumbList\",\"@id\":\"https:\/\/bullfrogtech.com\/es\/blog\/#breadcrumb\",\"itemListElement\":[{\"@type\":\"ListItem\",\"position\":1,\"name\":\"Home\",\"item\":\"https:\/\/bullfrogtech.com\/es\/\"},{\"@type\":\"ListItem\",\"position\":2,\"name\":\"Blog\"}]},{\"@type\":\"WebSite\",\"@id\":\"https:\/\/bullfrogtech.com\/es\/#website\",\"url\":\"https:\/\/bullfrogtech.com\/es\/\",\"name\":\"BullfrogTech\",\"description\":\"Secure, All-In-One POS System\",\"potentialAction\":[{\"@type\":\"SearchAction\",\"target\":{\"@type\":\"EntryPoint\",\"urlTemplate\":\"https:\/\/bullfrogtech.com\/es\/?s={search_term_string}\"},\"query-input\":\"required name=search_term_string\"}],\"inLanguage\":\"es\"}]}<\/script>\n<!-- \/ Yoast SEO plugin. -->","yoast_head_json":{"title":"Blog - BullfrogTech","robots":{"index":"index","follow":"follow","max-snippet":"max-snippet:-1","max-image-preview":"max-image-preview:large","max-video-preview":"max-video-preview:-1"},"canonical":"https:\/\/bullfrogtech.com\/es\/blog\/","og_locale":"es_ES","og_type":"article","og_title":"Blog - BullfrogTech","og_description":"Blog categor\u00eda Todo Centros comunitarios y recreativos Cuidado de la salud Cafeter\u00edas de oficina Escuelas (K-12, p\u00fablicas y privadas) Cuidado de personas mayores","og_url":"https:\/\/bullfrogtech.com\/es\/blog\/","og_site_name":"BullfrogTech","article_modified_time":"2023-11-27T10:18:49+00:00","twitter_card":"summary_large_image","schema":{"@context":"https:\/\/schema.org","@graph":[{"@type":"WebPage","@id":"https:\/\/bullfrogtech.com\/es\/blog\/","url":"https:\/\/bullfrogtech.com\/es\/blog\/","name":"Blog - BullfrogTech","isPartOf":{"@id":"https:\/\/bullfrogtech.com\/es\/#website"},"datePublished":"2023-06-27T14:38:13+00:00","dateModified":"2023-11-27T10:18:49+00:00","breadcrumb":{"@id":"https:\/\/bullfrogtech.com\/es\/blog\/#breadcrumb"},"inLanguage":"es","potentialAction":[{"@type":"ReadAction","target":["https:\/\/bullfrogtech.com\/es\/blog\/"]}]},{"@type":"BreadcrumbList","@id":"https:\/\/bullfrogtech.com\/es\/blog\/#breadcrumb","itemListElement":[{"@type":"ListItem","position":1,"name":"Home","item":"https:\/\/bullfrogtech.com\/es\/"},{"@type":"ListItem","position":2,"name":"Blog"}]},{"@type":"WebSite","@id":"https:\/\/bullfrogtech.com\/es\/#website","url":"https:\/\/bullfrogtech.com\/es\/","name":"BullfrogTech","description":"Secure, All-In-One POS System","potentialAction":[{"@type":"SearchAction","target":{"@type":"EntryPoint","urlTemplate":"https:\/\/bullfrogtech.com\/es\/?s={search_term_string}"},"query-input":"required name=search_term_string"}],"inLanguage":"es"}]}},"_links":{"self":[{"href":"https:\/\/bullfrogtech.com\/es\/wp-json\/wp\/v2\/pages\/1564","targetHints":{"allow":["GET"]}}],"collection":[{"href":"https:\/\/bullfrogtech.com\/es\/wp-json\/wp\/v2\/pages"}],"about":[{"href":"https:\/\/bullfrogtech.com\/es\/wp-json\/wp\/v2\/types\/page"}],"author":[{"embeddable":true,"href":"https:\/\/bullfrogtech.com\/es\/wp-json\/wp\/v2\/users\/1"}],"replies":[{"embeddable":true,"href":"https:\/\/bullfrogtech.com\/es\/wp-json\/wp\/v2\/comments?post=1564"}],"version-history":[{"count":13,"href":"https:\/\/bullfrogtech.com\/es\/wp-json\/wp\/v2\/pages\/1564\/revisions"}],"predecessor-version":[{"id":1708,"href":"https:\/\/bullfrogtech.com\/es\/wp-json\/wp\/v2\/pages\/1564\/revisions\/1708"}],"wp:attachment":[{"href":"https:\/\/bullfrogtech.com\/es\/wp-json\/wp\/v2\/media?parent=1564"}],"curies":[{"name":"wp","href":"https:\/\/api.w.org\/{rel}","templated":true}]}}