{"id":1574,"date":"2023-06-22T15:51:42","date_gmt":"2023-06-22T15:51:42","guid":{"rendered":"https:\/\/bullfrogtech.com\/politica-de-privacidad\/"},"modified":"2023-11-10T12:56:44","modified_gmt":"2023-11-10T12:56:44","slug":"politica-de-privacidad","status":"publish","type":"page","link":"https:\/\/bullfrogtech.com\/es\/politica-de-privacidad\/","title":{"rendered":"Pol\u00edtica de privacidad"},"content":{"rendered":"\t\t<div data-elementor-type=\"wp-page\" data-elementor-id=\"1574\" class=\"elementor elementor-1574 elementor-336\" data-elementor-post-type=\"page\">\n\t\t\t\t\t\t<section class=\"elementor-section elementor-top-section elementor-element elementor-element-a3cf5ce elementor-section-height-min-height elementor-section-boxed elementor-section-height-default elementor-section-items-middle\" data-id=\"a3cf5ce\" data-element_type=\"section\" data-e-type=\"section\" data-settings=\"{&quot;background_background&quot;:&quot;classic&quot;}\">\n\t\t\t\t\t\t\t<div class=\"elementor-background-overlay\"><\/div>\n\t\t\t\t\t\t\t<div class=\"elementor-container elementor-column-gap-default\">\n\t\t\t\t\t<div class=\"elementor-column elementor-col-50 elementor-top-column elementor-element elementor-element-f58f791\" data-id=\"f58f791\" data-element_type=\"column\" data-e-type=\"column\">\n\t\t\t<div class=\"elementor-widget-wrap elementor-element-populated\">\n\t\t\t\t\t\t<div class=\"elementor-element elementor-element-f5c4e54 elementor-widget elementor-widget-heading\" data-id=\"f5c4e54\" data-element_type=\"widget\" data-e-type=\"widget\" data-widget_type=\"heading.default\">\n\t\t\t\t<div class=\"elementor-widget-container\">\n\t\t\t\t\t<h1 class=\"elementor-heading-title elementor-size-default\">pol\u00edtica de privacidad\n<\/h1>\t\t\t\t<\/div>\n\t\t\t\t<\/div>\n\t\t\t\t\t<\/div>\n\t\t<\/div>\n\t\t\t\t<div class=\"elementor-column elementor-col-50 elementor-top-column elementor-element elementor-element-ac71515\" data-id=\"ac71515\" data-element_type=\"column\" data-e-type=\"column\">\n\t\t\t<div class=\"elementor-widget-wrap\">\n\t\t\t\t\t\t\t<\/div>\n\t\t<\/div>\n\t\t\t\t\t<\/div>\n\t\t<\/section>\n\t\t\t\t<section class=\"elementor-section elementor-top-section elementor-element elementor-element-ffdfa58 elementor-section-boxed elementor-section-height-default elementor-section-height-default\" data-id=\"ffdfa58\" data-element_type=\"section\" data-e-type=\"section\">\n\t\t\t\t\t\t<div class=\"elementor-container elementor-column-gap-default\">\n\t\t\t\t\t<div class=\"elementor-column elementor-col-100 elementor-top-column elementor-element elementor-element-feb31c4\" data-id=\"feb31c4\" data-element_type=\"column\" data-e-type=\"column\">\n\t\t\t<div class=\"elementor-widget-wrap elementor-element-populated\">\n\t\t\t\t\t\t<div class=\"elementor-element elementor-element-2b3b588 elementor-widget elementor-widget-heading\" data-id=\"2b3b588\" data-element_type=\"widget\" data-e-type=\"widget\" data-widget_type=\"heading.default\">\n\t\t\t\t<div class=\"elementor-widget-container\">\n\t\t\t\t\t<h3 class=\"elementor-heading-title elementor-size-default\">Bullfrog Technologies Inc. pol\u00edtica de privacidad\n<\/h3>\t\t\t\t<\/div>\n\t\t\t\t<\/div>\n\t\t\t\t<div class=\"elementor-element elementor-element-dd60fae elementor-widget elementor-widget-text-editor\" data-id=\"dd60fae\" data-element_type=\"widget\" data-e-type=\"widget\" data-widget_type=\"text-editor.default\">\n\t\t\t\t<div class=\"elementor-widget-container\">\n\t\t\t\t\t\t\t\t\t<p><em>Fecha efectiva: August 12th, 2020<\/em><\/p>\n\t\t\t\t\t\t\t\t<\/div>\n\t\t\t\t<\/div>\n\t\t\t\t<div class=\"elementor-element elementor-element-f9e62f9 elementor-widget elementor-widget-text-editor\" data-id=\"f9e62f9\" data-element_type=\"widget\" data-e-type=\"widget\" data-widget_type=\"text-editor.default\">\n\t\t\t\t<div class=\"elementor-widget-container\">\n\t\t\t\t\t\t\t\t\tNos tomamos en serio la seguridad y privacidad de los datos y estamos comprometidos con la transparencia en la recopilaci\u00f3n y el uso de su informaci\u00f3n personal.\n\n\t\t\t\t\t\t\t\t<\/div>\n\t\t\t\t<\/div>\n\t\t\t\t<div class=\"elementor-element elementor-element-05507cf elementor-widget elementor-widget-text-editor\" data-id=\"05507cf\" data-element_type=\"widget\" data-e-type=\"widget\" data-widget_type=\"text-editor.default\">\n\t\t\t\t<div class=\"elementor-widget-container\">\n\t\t\t\t\t\t\t\t\tEsta pol\u00edtica de privacidad revela las pr\u00e1cticas de privacidad de www.bullfrogtech.com, el sitio web de pedidos m\u00f3viles de BullfrogTech y el sitio web de BullfrogPay (nuestros sitios web). Esta pol\u00edtica de privacidad se aplica \u00fanicamente a la informaci\u00f3n recopilada por nuestros sitios web. Le notificar\u00e1 lo siguiente:\n\n\t\t\t\t\t\t\t\t<\/div>\n\t\t\t\t<\/div>\n\t\t\t\t<div class=\"elementor-element elementor-element-37aacfb elementor-widget elementor-widget-text-editor\" data-id=\"37aacfb\" data-element_type=\"widget\" data-e-type=\"widget\" data-widget_type=\"text-editor.default\">\n\t\t\t\t<div class=\"elementor-widget-container\">\n\t\t\t\t\t\t\t\t\t<ol class=\"bullet-point-section\">\n \t<li>Qu\u00e9 informaci\u00f3n de identificaci\u00f3n personal se recopila de usted a trav\u00e9s de nuestros sitios web, c\u00f3mo se utiliza y con qui\u00e9n se puede compartir.<\/li>\n \t<li>Qu\u00e9 opciones est\u00e1n disponibles para usted con respecto al uso de sus datos.<\/li>\n \t<li>Los procedimientos de seguridad establecidos para proteger el uso indebido de su informaci\u00f3n.<\/li>\n \t<li>C\u00f3mo puede corregir cualquier inexactitud en la informaci\u00f3n.<\/li>\n<\/ol>\t\t\t\t\t\t\t\t<\/div>\n\t\t\t\t<\/div>\n\t\t\t\t<div class=\"elementor-element elementor-element-e68a76b elementor-widget elementor-widget-heading\" data-id=\"e68a76b\" data-element_type=\"widget\" data-e-type=\"widget\" data-widget_type=\"heading.default\">\n\t\t\t\t<div class=\"elementor-widget-container\">\n\t\t\t\t\t<h3 class=\"elementor-heading-title elementor-size-default\">Recopilaci\u00f3n, uso e intercambio de informaci\u00f3n\n<\/h3>\t\t\t\t<\/div>\n\t\t\t\t<\/div>\n\t\t\t\t<div class=\"elementor-element elementor-element-22c65f1 elementor-widget elementor-widget-text-editor\" data-id=\"22c65f1\" data-element_type=\"widget\" data-e-type=\"widget\" data-widget_type=\"text-editor.default\">\n\t\t\t\t<div class=\"elementor-widget-container\">\n\t\t\t\t\t\t\t\t\tSolo tenemos acceso a\/recopilamos informaci\u00f3n que usted nos proporciona voluntariamente por correo electr\u00f3nico u otro contacto directo suyo, como registrarse como usuario en nuestros sitios web. No venderemos ni alquilaremos esta informaci\u00f3n a nadie.\n\n\t\t\t\t\t\t\t\t<\/div>\n\t\t\t\t<\/div>\n\t\t\t\t<div class=\"elementor-element elementor-element-c35f10d elementor-widget elementor-widget-text-editor\" data-id=\"c35f10d\" data-element_type=\"widget\" data-e-type=\"widget\" data-widget_type=\"text-editor.default\">\n\t\t\t\t<div class=\"elementor-widget-container\">\n\t\t\t\t\t\t\t\t\tUsaremos su informaci\u00f3n para responderle sobre el motivo por el que se comunic\u00f3 con nosotros. No compartiremos su informaci\u00f3n con ning\u00fan tercero fuera de nuestra organizaci\u00f3n, salvo que sea necesario para cumplir con su solicitud, p. para proporcionar notificaciones a sus usuarios registrados.\n\n\t\t\t\t\t\t\t\t<\/div>\n\t\t\t\t<\/div>\n\t\t\t\t<div class=\"elementor-element elementor-element-7eaec0c elementor-widget elementor-widget-text-editor\" data-id=\"7eaec0c\" data-element_type=\"widget\" data-e-type=\"widget\" data-widget_type=\"text-editor.default\">\n\t\t\t\t<div class=\"elementor-widget-container\">\n\t\t\t\t\t\t\t\t\tA menos que nos solicite que no lo hagamos, es posible que nos comuniquemos con usted por correo electr\u00f3nico en el futuro para informarle sobre los cambios en esta pol\u00edtica de privacidad.\n\n\t\t\t\t\t\t\t\t<\/div>\n\t\t\t\t<\/div>\n\t\t\t\t<div class=\"elementor-element elementor-element-07f0cc0 elementor-widget elementor-widget-heading\" data-id=\"07f0cc0\" data-element_type=\"widget\" data-e-type=\"widget\" data-widget_type=\"heading.default\">\n\t\t\t\t<div class=\"elementor-widget-container\">\n\t\t\t\t\t<h3 class=\"elementor-heading-title elementor-size-default\">Su acceso y control sobre la informaci\u00f3n\n<\/h3>\t\t\t\t<\/div>\n\t\t\t\t<\/div>\n\t\t\t\t<div class=\"elementor-element elementor-element-bcbbafa elementor-widget elementor-widget-text-editor\" data-id=\"bcbbafa\" data-element_type=\"widget\" data-e-type=\"widget\" data-widget_type=\"text-editor.default\">\n\t\t\t\t<div class=\"elementor-widget-container\">\n\t\t\t\t\t\t\t\t\tPuede optar por no recibir ning\u00fan contacto futuro con nosotros en cualquier momento. Puede hacer lo siguiente en cualquier momento comunic\u00e1ndose con nosotros a trav\u00e9s de la direcci\u00f3n de correo electr\u00f3nico o el n\u00famero de tel\u00e9fono que figuran en esta p\u00e1gina:\n\n\t\t\t\t\t\t\t\t<\/div>\n\t\t\t\t<\/div>\n\t\t\t\t<div class=\"elementor-element elementor-element-7ea0176 elementor-widget elementor-widget-text-editor\" data-id=\"7ea0176\" data-element_type=\"widget\" data-e-type=\"widget\" data-widget_type=\"text-editor.default\">\n\t\t\t\t<div class=\"elementor-widget-container\">\n\t\t\t\t\t\t\t\t\t<ol class=\"bullet-point-section\">\n<li>Puede hacer lo siguiente en cualquier momento comunic\u00e1ndose con nosotros a trav\u00e9s de la direcci\u00f3n de correo electr\u00f3nico o el n\u00famero de tel\u00e9fono que figuran en esta p\u00e1gina:<\/li>\n<li>Cambiar\/corregir cualquier dato que tengamos sobre usted.<\/li>\n<li>P\u00eddanos que eliminemos cualquier dato que tengamos sobre usted.<\/li>\n<li>Expresar cualquier inquietud que tenga sobre nuestro uso de sus datos.<\/li>\n<\/ol>\n\t\t\t\t\t\t\t\t<\/div>\n\t\t\t\t<\/div>\n\t\t\t\t<div class=\"elementor-element elementor-element-2439d67 elementor-widget elementor-widget-heading\" data-id=\"2439d67\" data-element_type=\"widget\" data-e-type=\"widget\" data-widget_type=\"heading.default\">\n\t\t\t\t<div class=\"elementor-widget-container\">\n\t\t\t\t\t<h3 class=\"elementor-heading-title elementor-size-default\">Seguridad<\/h3>\t\t\t\t<\/div>\n\t\t\t\t<\/div>\n\t\t\t\t<div class=\"elementor-element elementor-element-830af17 elementor-widget elementor-widget-text-editor\" data-id=\"830af17\" data-element_type=\"widget\" data-e-type=\"widget\" data-widget_type=\"text-editor.default\">\n\t\t\t\t<div class=\"elementor-widget-container\">\n\t\t\t\t\t\t\t\t\tEstamos comprometidos con las precauciones l\u00edderes en la industria para proteger su informaci\u00f3n. Cuando env\u00eda informaci\u00f3n confidencial a trav\u00e9s de nuestros sitios web, su informaci\u00f3n est\u00e1 protegida tanto en l\u00ednea como fuera de l\u00ednea.\n\n\t\t\t\t\t\t\t\t<\/div>\n\t\t\t\t<\/div>\n\t\t\t\t<div class=\"elementor-element elementor-element-85037c6 elementor-widget elementor-widget-text-editor\" data-id=\"85037c6\" data-element_type=\"widget\" data-e-type=\"widget\" data-widget_type=\"text-editor.default\">\n\t\t\t\t<div class=\"elementor-widget-container\">\n\t\t\t\t\t\t\t\t\tPuede verificar esto buscando un icono de candado cerrado en la parte inferior de su navegador web o buscando \u00abhttps\u00bb al principio de la direcci\u00f3n de la p\u00e1gina web.\n\n\t\t\t\t\t\t\t\t<\/div>\n\t\t\t\t<\/div>\n\t\t\t\t<div class=\"elementor-element elementor-element-b816b9f elementor-widget elementor-widget-text-editor\" data-id=\"b816b9f\" data-element_type=\"widget\" data-e-type=\"widget\" data-widget_type=\"text-editor.default\">\n\t\t\t\t<div class=\"elementor-widget-container\">\n\t\t\t\t\t\t\t\t\tSi bien utilizamos cifrado para proteger la informaci\u00f3n confidencial transmitida en l\u00ednea, tambi\u00e9n protegemos su informaci\u00f3n fuera de l\u00ednea. S\u00f3lo los empleados que necesitan la informaci\u00f3n para realizar un trabajo espec\u00edfico (por ejemplo, facturaci\u00f3n o servicio al cliente) tienen acceso a informaci\u00f3n de identificaci\u00f3n personal. Las computadoras\/servidores en los que almacenamos informaci\u00f3n de identificaci\u00f3n personal se mantienen en un entorno seguro.\n\n\t\t\t\t\t\t\t\t<\/div>\n\t\t\t\t<\/div>\n\t\t\t\t<div class=\"elementor-element elementor-element-9c2d7f0 elementor-widget elementor-widget-heading\" data-id=\"9c2d7f0\" data-element_type=\"widget\" data-e-type=\"widget\" data-widget_type=\"heading.default\">\n\t\t\t\t<div class=\"elementor-widget-container\">\n\t\t\t\t\t<h3 class=\"elementor-heading-title elementor-size-default\">Registro<\/h3>\t\t\t\t<\/div>\n\t\t\t\t<\/div>\n\t\t\t\t<div class=\"elementor-element elementor-element-b8a7b80 elementor-widget elementor-widget-text-editor\" data-id=\"b8a7b80\" data-element_type=\"widget\" data-e-type=\"widget\" data-widget_type=\"text-editor.default\">\n\t\t\t\t<div class=\"elementor-widget-container\">\n\t\t\t\t\t\t\t\t\tNo es necesario registrarse para obtener una cuenta para visitar nuestros sitios web de BullfrogTech. Para utilizar nuestros sitios web, primero el usuario debe estar registrado. Para registrar un usuario autorizado para su arrendamiento, se debe proporcionar una direcci\u00f3n de correo electr\u00f3nico y un nombre. Esta informaci\u00f3n se utiliza para que sus usuarios autorizados obtengan acceso a los sitios web de BullfrogTech y tambi\u00e9n se utiliza para contactarlo con notificaciones e informaci\u00f3n solicitada.\n\n\t\t\t\t\t\t\t\t<\/div>\n\t\t\t\t<\/div>\n\t\t\t\t<div class=\"elementor-element elementor-element-1efee5e elementor-widget elementor-widget-heading\" data-id=\"1efee5e\" data-element_type=\"widget\" data-e-type=\"widget\" data-widget_type=\"heading.default\">\n\t\t\t\t<div class=\"elementor-widget-container\">\n\t\t\t\t\t<h3 class=\"elementor-heading-title elementor-size-default\">Informaci\u00f3n que recopilamos autom\u00e1ticamente\n<\/h3>\t\t\t\t<\/div>\n\t\t\t\t<\/div>\n\t\t\t\t<div class=\"elementor-element elementor-element-923acad elementor-widget elementor-widget-text-editor\" data-id=\"923acad\" data-element_type=\"widget\" data-e-type=\"widget\" data-widget_type=\"text-editor.default\">\n\t\t\t\t<div class=\"elementor-widget-container\">\n\t\t\t\t\t\t\t\t\tNosotros y nuestros proveedores de servicios externos, incluido Google Analytics, recopilamos, procesamos, almacenamos y analizamos informaci\u00f3n obtenida de su navegador, incluida la direcci\u00f3n IP, identificadores de dispositivo, caracter\u00edsticas del navegador, detalles del sistema operativo, preferencias de idioma, URL de referencia, duraci\u00f3n de las visitas. y p\u00e1ginas vistas. Tambi\u00e9n utilizamos \u00abcookies\u00bb u otras herramientas que rastrean, miden y analizan los comportamientos y patrones de uso de los visitantes de los sitios web de BullfrogTech. Utilizamos esta informaci\u00f3n para ayudarnos a comprender c\u00f3mo los visitantes interact\u00faan con los sitios web de BullfrogTech y para mejorar la experiencia de nuestros visitantes. Tambi\u00e9n recopilamos y utilizamos direcciones IP para ayudar a verificar las identidades de nuestros usuarios cuando env\u00edan formularios y otros datos a nuestro sitio.\n\n\t\t\t\t\t\t\t\t<\/div>\n\t\t\t\t<\/div>\n\t\t\t\t<div class=\"elementor-element elementor-element-5655aa9 elementor-widget elementor-widget-text-editor\" data-id=\"5655aa9\" data-element_type=\"widget\" data-e-type=\"widget\" data-widget_type=\"text-editor.default\">\n\t\t\t\t<div class=\"elementor-widget-container\">\n\t\t\t\t\t\t\t\t\tUna cookie es un peque\u00f1o elemento de datos que los sitios web de BullfrogTech pueden enviar a su navegador, que luego puede almacenarse en su computadora o dispositivo m\u00f3vil, para que podamos reconocerlo cuando regrese. Utilizamos cookies con fines anal\u00edticos, as\u00ed como para determinadas funciones de los sitios web de BullfrogTech. Si ha creado una cuenta en cualquiera de los sitios web de BullfrogTech, las cookies pueden permitirnos saber qui\u00e9n es usted y proporcionarnos a nosotros y a nuestros proveedores de servicios informaci\u00f3n que utilizaremos para personalizar su visita. Puede configurar su navegador web para que le notifique cuando reciba una cookie o para que no acepte determinadas cookies. Sin embargo, si decide no aceptar cookies de los sitios web de BullfrogTech, es posible que no pueda aprovechar todas las funciones de nuestros sitios web.\n\n\t\t\t\t\t\t\t\t<\/div>\n\t\t\t\t<\/div>\n\t\t\t\t<div class=\"elementor-element elementor-element-6d07e9f elementor-widget elementor-widget-text-editor\" data-id=\"6d07e9f\" data-element_type=\"widget\" data-e-type=\"widget\" data-widget_type=\"text-editor.default\">\n\t\t\t\t<div class=\"elementor-widget-container\">\n\t\t\t\t\t\t\t\t\t<p>Puede obtener informaci\u00f3n adicional en Google Analytics <a href=\"https:\/\/www.google.com\/policies\/privacy\/partners\/\" target=\"_blank\" rel=\"noopener noreferrer\" style=\"color:#70A700;\">recopilaci\u00f3n y procesamiento de datos<\/a> y <a href=\"https:\/\/support.google.com\/analytics\/topic\/2919631?hl=en&amp;&amp;ref_topic=1008008\" target=\"_blank\" rel=\"noopener noreferrer\" style=\"color:#70A700;\">privacidad y seguridad de datos<\/a>, incluyendo c\u00f3mo <a href=\"https:\/\/tools.google.com\/dlpage\/gaoptout\" target=\"_blank\" rel=\"noopener noreferrer\" style=\"color:#70A700;\">Obtenga m\u00e1s informaci\u00f3n sobre c\u00f3mo darse de baja<\/a> de la recopilaci\u00f3n de datos de Google Analytics.<\/p>\n\t\t\t\t\t\t\t\t<\/div>\n\t\t\t\t<\/div>\n\t\t\t\t<div class=\"elementor-element elementor-element-c5bed4b elementor-widget elementor-widget-text-editor\" data-id=\"c5bed4b\" data-element_type=\"widget\" data-e-type=\"widget\" data-widget_type=\"text-editor.default\">\n\t\t\t\t<div class=\"elementor-widget-container\">\n\t\t\t\t\t\t\t\t\tSu navegador web puede tener configuraciones que le permitan transmitir una se\u00f1al de \u00abNo rastrear\u00bb cuando visita varios sitios web o utiliza servicios en l\u00ednea. Como muchos sitios web, los nuestros no est\u00e1n dise\u00f1ados para responder a las se\u00f1ales de \u00abNo rastrear\u00bb recibidas de los navegadores. Puede obtener m\u00e1s informaci\u00f3n sobre las se\u00f1ales de \u201cNo rastrear\u201d aqu\u00ed.\n\n\t\t\t\t\t\t\t\t<\/div>\n\t\t\t\t<\/div>\n\t\t\t\t<div class=\"elementor-element elementor-element-0c04961 elementor-widget elementor-widget-text-editor\" data-id=\"0c04961\" data-element_type=\"widget\" data-e-type=\"widget\" data-widget_type=\"text-editor.default\">\n\t\t\t\t<div class=\"elementor-widget-container\">\n\t\t\t\t\t\t\t\t\tEs posible que se recopile informaci\u00f3n sobre su uso de nuestros sitios web y otros servicios en l\u00ednea a lo largo del tiempo y en diferentes dispositivos y sitios web cuando utiliza nuestros sitios web.\n\n\t\t\t\t\t\t\t\t<\/div>\n\t\t\t\t<\/div>\n\t\t\t\t<div class=\"elementor-element elementor-element-142b8f6 elementor-widget elementor-widget-heading\" data-id=\"142b8f6\" data-element_type=\"widget\" data-e-type=\"widget\" data-widget_type=\"heading.default\">\n\t\t\t\t<div class=\"elementor-widget-container\">\n\t\t\t\t\t<h3 class=\"elementor-heading-title elementor-size-default\">Actualizaciones<\/h3>\t\t\t\t<\/div>\n\t\t\t\t<\/div>\n\t\t\t\t<div class=\"elementor-element elementor-element-18336da elementor-widget elementor-widget-text-editor\" data-id=\"18336da\" data-element_type=\"widget\" data-e-type=\"widget\" data-widget_type=\"text-editor.default\">\n\t\t\t\t<div class=\"elementor-widget-container\">\n\t\t\t\t\t\t\t\t\tNuestra Pol\u00edtica de Privacidad puede cambiar de vez en cuando y todas las actualizaciones se publicar\u00e1n en esta p\u00e1gina.\n\n\t\t\t\t\t\t\t\t<\/div>\n\t\t\t\t<\/div>\n\t\t\t\t<div class=\"elementor-element elementor-element-7c47724 elementor-widget elementor-widget-text-editor\" data-id=\"7c47724\" data-element_type=\"widget\" data-e-type=\"widget\" data-widget_type=\"text-editor.default\">\n\t\t\t\t<div class=\"elementor-widget-container\">\n\t\t\t\t\t\t\t\t\t<p>Si cree que no cumplimos con esta pol\u00edtica de privacidad, debe comunicarse con nosotros inmediatamente por tel\u00e9fono al <a style=\"color: #70a700;\" href=\"tel:+18885987504\">1-888 598 7504<\/a> o <a style=\"color: #70a700;\" href=\"mailto:support@bullfrogtech.com\">support@bullfrogtech.com<\/a><\/p>\n\t\t\t\t\t\t\t\t<\/div>\n\t\t\t\t<\/div>\n\t\t\t\t\t<\/div>\n\t\t<\/div>\n\t\t\t\t\t<\/div>\n\t\t<\/section>\n\t\t\t\t<\/div>\n\t\t","protected":false},"excerpt":{"rendered":"<p>pol\u00edtica de privacidad Bullfrog Technologies Inc. pol\u00edtica de privacidad Fecha efectiva: August 12th, 2020 Nos tomamos en serio la seguridad y privacidad de los datos y estamos comprometidos con la transparencia en la recopilaci\u00f3n y el uso de su informaci\u00f3n personal. Esta pol\u00edtica de privacidad revela las pr\u00e1cticas de privacidad de www.bullfrogtech.com, el sitio web [&hellip;]<\/p>\n","protected":false},"author":1,"featured_media":0,"parent":0,"menu_order":0,"comment_status":"closed","ping_status":"closed","template":"","meta":{"_acf_changed":false,"_monsterinsights_skip_tracking":false,"_monsterinsights_sitenote_active":false,"_monsterinsights_sitenote_note":"","_monsterinsights_sitenote_category":0,"footnotes":""},"class_list":["post-1574","page","type-page","status-publish","hentry"],"acf":[],"yoast_head":"<!-- This site is optimized with the Yoast SEO plugin v22.0 - https:\/\/yoast.com\/wordpress\/plugins\/seo\/ -->\n<title>Pol\u00edtica de privacidad - BullfrogTech<\/title>\n<meta name=\"robots\" content=\"index, follow, max-snippet:-1, max-image-preview:large, max-video-preview:-1\" \/>\n<link rel=\"canonical\" href=\"https:\/\/bullfrogtech.com\/es\/politica-de-privacidad\/\" \/>\n<meta property=\"og:locale\" content=\"es_ES\" \/>\n<meta property=\"og:type\" content=\"article\" \/>\n<meta property=\"og:title\" content=\"Pol\u00edtica de privacidad - BullfrogTech\" \/>\n<meta property=\"og:description\" content=\"pol\u00edtica de privacidad Bullfrog Technologies Inc. pol\u00edtica de privacidad Fecha efectiva: August 12th, 2020 Nos tomamos en serio la seguridad y privacidad de los datos y estamos comprometidos con la transparencia en la recopilaci\u00f3n y el uso de su informaci\u00f3n personal. Esta pol\u00edtica de privacidad revela las pr\u00e1cticas de privacidad de www.bullfrogtech.com, el sitio web [&hellip;]\" \/>\n<meta property=\"og:url\" content=\"https:\/\/bullfrogtech.com\/es\/politica-de-privacidad\/\" \/>\n<meta property=\"og:site_name\" content=\"BullfrogTech\" \/>\n<meta property=\"article:modified_time\" content=\"2023-11-10T12:56:44+00:00\" \/>\n<meta name=\"twitter:card\" content=\"summary_large_image\" \/>\n<meta name=\"twitter:label1\" content=\"Tiempo de lectura\" \/>\n\t<meta name=\"twitter:data1\" content=\"6 minutos\" \/>\n<script type=\"application\/ld+json\" class=\"yoast-schema-graph\">{\"@context\":\"https:\/\/schema.org\",\"@graph\":[{\"@type\":\"WebPage\",\"@id\":\"https:\/\/bullfrogtech.com\/es\/politica-de-privacidad\/\",\"url\":\"https:\/\/bullfrogtech.com\/es\/politica-de-privacidad\/\",\"name\":\"Pol\u00edtica de privacidad - BullfrogTech\",\"isPartOf\":{\"@id\":\"https:\/\/bullfrogtech.com\/es\/#website\"},\"datePublished\":\"2023-06-22T15:51:42+00:00\",\"dateModified\":\"2023-11-10T12:56:44+00:00\",\"breadcrumb\":{\"@id\":\"https:\/\/bullfrogtech.com\/es\/politica-de-privacidad\/#breadcrumb\"},\"inLanguage\":\"es\",\"potentialAction\":[{\"@type\":\"ReadAction\",\"target\":[\"https:\/\/bullfrogtech.com\/es\/politica-de-privacidad\/\"]}]},{\"@type\":\"BreadcrumbList\",\"@id\":\"https:\/\/bullfrogtech.com\/es\/politica-de-privacidad\/#breadcrumb\",\"itemListElement\":[{\"@type\":\"ListItem\",\"position\":1,\"name\":\"Home\",\"item\":\"https:\/\/bullfrogtech.com\/es\/\"},{\"@type\":\"ListItem\",\"position\":2,\"name\":\"Pol\u00edtica de privacidad\"}]},{\"@type\":\"WebSite\",\"@id\":\"https:\/\/bullfrogtech.com\/es\/#website\",\"url\":\"https:\/\/bullfrogtech.com\/es\/\",\"name\":\"BullfrogTech\",\"description\":\"Secure, All-In-One POS System\",\"potentialAction\":[{\"@type\":\"SearchAction\",\"target\":{\"@type\":\"EntryPoint\",\"urlTemplate\":\"https:\/\/bullfrogtech.com\/es\/?s={search_term_string}\"},\"query-input\":\"required name=search_term_string\"}],\"inLanguage\":\"es\"}]}<\/script>\n<!-- \/ Yoast SEO plugin. -->","yoast_head_json":{"title":"Pol\u00edtica de privacidad - BullfrogTech","robots":{"index":"index","follow":"follow","max-snippet":"max-snippet:-1","max-image-preview":"max-image-preview:large","max-video-preview":"max-video-preview:-1"},"canonical":"https:\/\/bullfrogtech.com\/es\/politica-de-privacidad\/","og_locale":"es_ES","og_type":"article","og_title":"Pol\u00edtica de privacidad - BullfrogTech","og_description":"pol\u00edtica de privacidad Bullfrog Technologies Inc. pol\u00edtica de privacidad Fecha efectiva: August 12th, 2020 Nos tomamos en serio la seguridad y privacidad de los datos y estamos comprometidos con la transparencia en la recopilaci\u00f3n y el uso de su informaci\u00f3n personal. Esta pol\u00edtica de privacidad revela las pr\u00e1cticas de privacidad de www.bullfrogtech.com, el sitio web [&hellip;]","og_url":"https:\/\/bullfrogtech.com\/es\/politica-de-privacidad\/","og_site_name":"BullfrogTech","article_modified_time":"2023-11-10T12:56:44+00:00","twitter_card":"summary_large_image","twitter_misc":{"Tiempo de lectura":"6 minutos"},"schema":{"@context":"https:\/\/schema.org","@graph":[{"@type":"WebPage","@id":"https:\/\/bullfrogtech.com\/es\/politica-de-privacidad\/","url":"https:\/\/bullfrogtech.com\/es\/politica-de-privacidad\/","name":"Pol\u00edtica de privacidad - BullfrogTech","isPartOf":{"@id":"https:\/\/bullfrogtech.com\/es\/#website"},"datePublished":"2023-06-22T15:51:42+00:00","dateModified":"2023-11-10T12:56:44+00:00","breadcrumb":{"@id":"https:\/\/bullfrogtech.com\/es\/politica-de-privacidad\/#breadcrumb"},"inLanguage":"es","potentialAction":[{"@type":"ReadAction","target":["https:\/\/bullfrogtech.com\/es\/politica-de-privacidad\/"]}]},{"@type":"BreadcrumbList","@id":"https:\/\/bullfrogtech.com\/es\/politica-de-privacidad\/#breadcrumb","itemListElement":[{"@type":"ListItem","position":1,"name":"Home","item":"https:\/\/bullfrogtech.com\/es\/"},{"@type":"ListItem","position":2,"name":"Pol\u00edtica de privacidad"}]},{"@type":"WebSite","@id":"https:\/\/bullfrogtech.com\/es\/#website","url":"https:\/\/bullfrogtech.com\/es\/","name":"BullfrogTech","description":"Secure, All-In-One POS System","potentialAction":[{"@type":"SearchAction","target":{"@type":"EntryPoint","urlTemplate":"https:\/\/bullfrogtech.com\/es\/?s={search_term_string}"},"query-input":"required name=search_term_string"}],"inLanguage":"es"}]}},"_links":{"self":[{"href":"https:\/\/bullfrogtech.com\/es\/wp-json\/wp\/v2\/pages\/1574","targetHints":{"allow":["GET"]}}],"collection":[{"href":"https:\/\/bullfrogtech.com\/es\/wp-json\/wp\/v2\/pages"}],"about":[{"href":"https:\/\/bullfrogtech.com\/es\/wp-json\/wp\/v2\/types\/page"}],"author":[{"embeddable":true,"href":"https:\/\/bullfrogtech.com\/es\/wp-json\/wp\/v2\/users\/1"}],"replies":[{"embeddable":true,"href":"https:\/\/bullfrogtech.com\/es\/wp-json\/wp\/v2\/comments?post=1574"}],"version-history":[{"count":1,"href":"https:\/\/bullfrogtech.com\/es\/wp-json\/wp\/v2\/pages\/1574\/revisions"}],"predecessor-version":[{"id":1575,"href":"https:\/\/bullfrogtech.com\/es\/wp-json\/wp\/v2\/pages\/1574\/revisions\/1575"}],"wp:attachment":[{"href":"https:\/\/bullfrogtech.com\/es\/wp-json\/wp\/v2\/media?parent=1574"}],"curies":[{"name":"wp","href":"https:\/\/api.w.org\/{rel}","templated":true}]}}