{"id":1117,"date":"2023-06-27T14:38:13","date_gmt":"2023-06-27T14:38:13","guid":{"rendered":"https:\/\/bullfrogtech.com\/blog\/"},"modified":"2023-07-12T18:00:40","modified_gmt":"2023-07-12T18:00:40","slug":"blog","status":"publish","type":"page","link":"https:\/\/bullfrogtech.com\/fr\/blog\/","title":{"rendered":"Blog"},"content":{"rendered":"\t\t<div data-elementor-type=\"wp-page\" data-elementor-id=\"1117\" class=\"elementor elementor-1117 elementor-652\" data-elementor-post-type=\"page\">\n\t\t\t\t\t\t<section class=\"elementor-section elementor-top-section elementor-element elementor-element-d90c7a1 elementor-section-height-min-height elementor-section-boxed elementor-section-height-default elementor-section-items-middle\" data-id=\"d90c7a1\" data-element_type=\"section\" data-e-type=\"section\" data-settings=\"{&quot;background_background&quot;:&quot;classic&quot;}\">\n\t\t\t\t\t\t\t<div class=\"elementor-background-overlay\"><\/div>\n\t\t\t\t\t\t\t<div class=\"elementor-container elementor-column-gap-default\">\n\t\t\t\t\t<div class=\"elementor-column elementor-col-50 elementor-top-column elementor-element elementor-element-9b53447\" data-id=\"9b53447\" data-element_type=\"column\" data-e-type=\"column\">\n\t\t\t<div class=\"elementor-widget-wrap elementor-element-populated\">\n\t\t\t\t\t\t<div class=\"elementor-element elementor-element-2bd6d4d elementor-widget elementor-widget-heading\" data-id=\"2bd6d4d\" data-element_type=\"widget\" data-e-type=\"widget\" data-widget_type=\"heading.default\">\n\t\t\t\t<div class=\"elementor-widget-container\">\n\t\t\t\t\t<h1 class=\"elementor-heading-title elementor-size-default\">Blog<\/h1>\t\t\t\t<\/div>\n\t\t\t\t<\/div>\n\t\t\t\t\t<\/div>\n\t\t<\/div>\n\t\t\t\t<div class=\"elementor-column elementor-col-50 elementor-top-column elementor-element elementor-element-1ff5735\" data-id=\"1ff5735\" data-element_type=\"column\" data-e-type=\"column\">\n\t\t\t<div class=\"elementor-widget-wrap\">\n\t\t\t\t\t\t\t<\/div>\n\t\t<\/div>\n\t\t\t\t\t<\/div>\n\t\t<\/section>\n\t\t\t\t<section class=\"elementor-section elementor-top-section elementor-element elementor-element-bbd2f48 elementor-section-boxed elementor-section-height-default elementor-section-height-default\" data-id=\"bbd2f48\" data-element_type=\"section\" data-e-type=\"section\" data-settings=\"{&quot;background_background&quot;:&quot;classic&quot;}\">\n\t\t\t\t\t\t<div class=\"elementor-container elementor-column-gap-default\">\n\t\t\t\t\t<div class=\"elementor-column elementor-col-100 elementor-top-column elementor-element elementor-element-ef039c5\" data-id=\"ef039c5\" data-element_type=\"column\" data-e-type=\"column\">\n\t\t\t<div class=\"elementor-widget-wrap elementor-element-populated\">\n\t\t\t\t\t\t<div class=\"elementor-element elementor-element-cc00f5e elementor-widget elementor-widget-heading\" data-id=\"cc00f5e\" data-element_type=\"widget\" data-e-type=\"widget\" data-widget_type=\"heading.default\">\n\t\t\t\t<div class=\"elementor-widget-container\">\n\t\t\t\t\t<p class=\"elementor-heading-title elementor-size-default\">cat\u00e9gorie<\/p>\t\t\t\t<\/div>\n\t\t\t\t<\/div>\n\t\t\t\t<div class=\"elementor-element elementor-element-64ac3f4 elementor-icon-list--layout-inline elementor-align-center elementor-mobile-align-center elementor-list-item-link-full_width elementor-widget elementor-widget-icon-list\" data-id=\"64ac3f4\" data-element_type=\"widget\" data-e-type=\"widget\" data-widget_type=\"icon-list.default\">\n\t\t\t\t<div class=\"elementor-widget-container\">\n\t\t\t\t\t\t\t<ul class=\"elementor-icon-list-items elementor-inline-items\">\n\t\t\t\t\t\t\t<li class=\"elementor-icon-list-item elementor-inline-item\">\n\t\t\t\t\t\t\t\t\t\t\t<a href=\"https:\/\/bullfrogtech.com\/fr\/\">\n\n\t\t\t\t\t\t\t\t\t\t\t<span class=\"elementor-icon-list-text\"><span style=\"color:#6EA500\">Tous<\/span><\/span>\n\t\t\t\t\t\t\t\t\t\t\t<\/a>\n\t\t\t\t\t\t\t\t\t<\/li>\n\t\t\t\t\t\t\t\t<li class=\"elementor-icon-list-item elementor-inline-item\">\n\t\t\t\t\t\t\t\t\t\t\t<a href=\"\/fr\/category\/centres-communautaires-et-de-loisirs\/\">\n\n\t\t\t\t\t\t\t\t\t\t\t<span class=\"elementor-icon-list-text\"> Centres communautaires et de loisirs<\/span>\n\t\t\t\t\t\t\t\t\t\t\t<\/a>\n\t\t\t\t\t\t\t\t\t<\/li>\n\t\t\t\t\t\t\t\t<li class=\"elementor-icon-list-item elementor-inline-item\">\n\t\t\t\t\t\t\t\t\t\t\t<a href=\"https:\/\/bullfrogtech.com\/fr\/category\/soins-de-sante\/\">\n\n\t\t\t\t\t\t\t\t\t\t\t<span class=\"elementor-icon-list-text\">Soins de sant\u00e9<\/span>\n\t\t\t\t\t\t\t\t\t\t\t<\/a>\n\t\t\t\t\t\t\t\t\t<\/li>\n\t\t\t\t\t\t\t\t<li class=\"elementor-icon-list-item elementor-inline-item\">\n\t\t\t\t\t\t\t\t\t\t\t<a href=\"https:\/\/bullfrogtech.com\/fr\/category\/cafeterias-de-bureau\/\">\n\n\t\t\t\t\t\t\t\t\t\t\t<span class=\"elementor-icon-list-text\">Caf\u00e9t\u00e9rias de bureau<\/span>\n\t\t\t\t\t\t\t\t\t\t\t<\/a>\n\t\t\t\t\t\t\t\t\t<\/li>\n\t\t\t\t\t\t\t\t<li class=\"elementor-icon-list-item elementor-inline-item\">\n\t\t\t\t\t\t\t\t\t\t\t<a href=\"https:\/\/bullfrogtech.com\/fr\/category\/ecoles-de-la-maternelle-a-la-12e-annee-publiques-et-privees\/\">\n\n\t\t\t\t\t\t\t\t\t\t\t<span class=\"elementor-icon-list-text\">\u00c9coles (de la maternelle \u00e0 la 12e ann\u00e9e, publiques et priv\u00e9es)<\/span>\n\t\t\t\t\t\t\t\t\t\t\t<\/a>\n\t\t\t\t\t\t\t\t\t<\/li>\n\t\t\t\t\t\t\t\t<li class=\"elementor-icon-list-item elementor-inline-item\">\n\t\t\t\t\t\t\t\t\t\t\t<a href=\"https:\/\/bullfrogtech.com\/fr\/category\/soins-aux-personnes-agees\/\">\n\n\t\t\t\t\t\t\t\t\t\t\t<span class=\"elementor-icon-list-text\">Soins aux personnes \u00e2g\u00e9es<\/span>\n\t\t\t\t\t\t\t\t\t\t\t<\/a>\n\t\t\t\t\t\t\t\t\t<\/li>\n\t\t\t\t\t\t<\/ul>\n\t\t\t\t\t\t<\/div>\n\t\t\t\t<\/div>\n\t\t\t\t\t<\/div>\n\t\t<\/div>\n\t\t\t\t\t<\/div>\n\t\t<\/section>\n\t\t\t\t<section class=\"elementor-section elementor-top-section elementor-element elementor-element-c1ee0ec elementor-section-boxed elementor-section-height-default elementor-section-height-default\" data-id=\"c1ee0ec\" data-element_type=\"section\" data-e-type=\"section\" data-settings=\"{&quot;background_background&quot;:&quot;classic&quot;}\">\n\t\t\t\t\t\t<div class=\"elementor-container elementor-column-gap-default\">\n\t\t\t\t\t<div class=\"elementor-column elementor-col-100 elementor-top-column elementor-element elementor-element-aae7242\" data-id=\"aae7242\" data-element_type=\"column\" data-e-type=\"column\">\n\t\t\t<div class=\"elementor-widget-wrap elementor-element-populated\">\n\t\t\t\t\t\t<div class=\"elementor-element elementor-element-6c876ea elementor-grid-3 elementor-grid-tablet-2 elementor-grid-mobile-1 elementor-posts--thumbnail-top elementor-card-shadow-yes elementor-posts__hover-gradient elementor-widget elementor-widget-posts\" data-id=\"6c876ea\" data-element_type=\"widget\" data-e-type=\"widget\" data-settings=\"{&quot;pagination_type&quot;:&quot;load_more_infinite_scroll&quot;,&quot;cards_columns&quot;:&quot;3&quot;,&quot;cards_columns_tablet&quot;:&quot;2&quot;,&quot;cards_columns_mobile&quot;:&quot;1&quot;,&quot;cards_row_gap&quot;:{&quot;unit&quot;:&quot;px&quot;,&quot;size&quot;:35,&quot;sizes&quot;:[]},&quot;cards_row_gap_tablet&quot;:{&quot;unit&quot;:&quot;px&quot;,&quot;size&quot;:&quot;&quot;,&quot;sizes&quot;:[]},&quot;cards_row_gap_mobile&quot;:{&quot;unit&quot;:&quot;px&quot;,&quot;size&quot;:&quot;&quot;,&quot;sizes&quot;:[]},&quot;load_more_spinner&quot;:{&quot;value&quot;:&quot;fas fa-spinner&quot;,&quot;library&quot;:&quot;fa-solid&quot;}}\" data-widget_type=\"posts.cards\">\n\t\t\t\t<div class=\"elementor-widget-container\">\n\t\t\t\t\t\t\t<div class=\"elementor-posts-container elementor-posts elementor-posts--skin-cards elementor-grid\" role=\"list\">\n\t\t\t\t<article class=\"elementor-post elementor-grid-item post-1131 post type-post status-publish format-standard has-post-thumbnail hentry category-ecoles-de-la-maternelle-a-la-12e-annee-publiques-et-privees\" role=\"listitem\">\n\t\t\t<div class=\"elementor-post__card\">\n\t\t\t\t<a class=\"elementor-post__thumbnail__link\" href=\"https:\/\/bullfrogtech.com\/fr\/comment-faciliter-la-distanciation-sociale-dans-les-cafeterias-des-ecoles-de-la-maternelle-a-la-terminale\/\" tabindex=\"-1\" ><div class=\"elementor-post__thumbnail\"><img fetchpriority=\"high\" decoding=\"async\" width=\"300\" height=\"188\" src=\"https:\/\/bullfrogtech.com\/wp-content\/uploads\/2023\/06\/social-distancing-k-12-school-cafeteria-bullfrogtech-300x188.jpg\" class=\"attachment-medium size-medium wp-image-987\" alt=\"\" srcset=\"https:\/\/bullfrogtech.com\/wp-content\/uploads\/2023\/06\/social-distancing-k-12-school-cafeteria-bullfrogtech-300x188.jpg 300w, https:\/\/bullfrogtech.com\/wp-content\/uploads\/2023\/06\/social-distancing-k-12-school-cafeteria-bullfrogtech-1024x640.jpg 1024w, https:\/\/bullfrogtech.com\/wp-content\/uploads\/2023\/06\/social-distancing-k-12-school-cafeteria-bullfrogtech-768x480.jpg 768w, https:\/\/bullfrogtech.com\/wp-content\/uploads\/2023\/06\/social-distancing-k-12-school-cafeteria-bullfrogtech.jpg 1080w\" sizes=\"(max-width: 300px) 100vw, 300px\" \/><\/div><\/a>\n\t\t\t\t<div class=\"elementor-post__text\">\n\t\t\t\t<h3 class=\"elementor-post__title\">\n\t\t\t<a href=\"https:\/\/bullfrogtech.com\/fr\/comment-faciliter-la-distanciation-sociale-dans-les-cafeterias-des-ecoles-de-la-maternelle-a-la-terminale\/\" >\n\t\t\t\tComment faciliter la distance sociale dans les caf\u00e9t\u00e9rias des \u00e9coles de la maternelle \u00e0 la terminale ?\t\t\t<\/a>\n\t\t<\/h3>\n\t\t\t\t<div class=\"elementor-post__excerpt\">\n\t\t\t<p>Avec la r\u00e9ouverture de certaines \u00e9coles dans quelques provinces du Canada, il est difficile d&rsquo;ignorer les inqui\u00e9tudes des \u00e9l\u00e8ves, des parents, des enseignants et des<\/p>\n\t\t<\/div>\n\t\t\n\t\t<a class=\"elementor-post__read-more\" href=\"https:\/\/bullfrogtech.com\/fr\/comment-faciliter-la-distanciation-sociale-dans-les-cafeterias-des-ecoles-de-la-maternelle-a-la-terminale\/\" aria-label=\"En savoir plus sur Comment faciliter la distance sociale dans les caf\u00e9t\u00e9rias des \u00e9coles de la maternelle \u00e0 la terminale ?\" tabindex=\"-1\" >\n\t\t\tLire plus \"\t\t<\/a>\n\n\t\t\t\t<\/div>\n\t\t\t\t<div class=\"elementor-post__meta-data\">\n\t\t\t\t\t<span class=\"elementor-post-date\">\n\t\t\tjuin 8, 2020\t\t<\/span>\n\t\t\t\t<\/div>\n\t\t\t\t\t<\/div>\n\t\t<\/article>\n\t\t\t\t<article class=\"elementor-post elementor-grid-item post-1133 post type-post status-publish format-standard has-post-thumbnail hentry category-cafeterias-de-bureau category-centres-communautaires-et-de-loisirs category-ecoles-de-la-maternelle-a-la-12e-annee-publiques-et-privees category-soins-aux-personnes-agees category-soins-de-sante\" role=\"listitem\">\n\t\t\t<div class=\"elementor-post__card\">\n\t\t\t\t<a class=\"elementor-post__thumbnail__link\" href=\"https:\/\/bullfrogtech.com\/fr\/petites-transactions-peut-on-se-permettre-dutiliser-des-cartes-de-credit\/\" tabindex=\"-1\" ><div class=\"elementor-post__thumbnail\"><img decoding=\"async\" width=\"300\" height=\"188\" src=\"https:\/\/bullfrogtech.com\/wp-content\/uploads\/2023\/06\/small-transaction-fees-Bullfrog-Pay-1080x675-1-1080x675-1-300x188.jpg\" class=\"attachment-medium size-medium wp-image-988\" alt=\"\" srcset=\"https:\/\/bullfrogtech.com\/wp-content\/uploads\/2023\/06\/small-transaction-fees-Bullfrog-Pay-1080x675-1-1080x675-1-300x188.jpg 300w, https:\/\/bullfrogtech.com\/wp-content\/uploads\/2023\/06\/small-transaction-fees-Bullfrog-Pay-1080x675-1-1080x675-1-1024x640.jpg 1024w, https:\/\/bullfrogtech.com\/wp-content\/uploads\/2023\/06\/small-transaction-fees-Bullfrog-Pay-1080x675-1-1080x675-1-768x480.jpg 768w, https:\/\/bullfrogtech.com\/wp-content\/uploads\/2023\/06\/small-transaction-fees-Bullfrog-Pay-1080x675-1-1080x675-1.jpg 1080w\" sizes=\"(max-width: 300px) 100vw, 300px\" \/><\/div><\/a>\n\t\t\t\t<div class=\"elementor-post__text\">\n\t\t\t\t<h3 class=\"elementor-post__title\">\n\t\t\t<a href=\"https:\/\/bullfrogtech.com\/fr\/petites-transactions-peut-on-se-permettre-dutiliser-des-cartes-de-credit\/\" >\n\t\t\t\tPetites transactions &#8211; Peut-on se permettre d&rsquo;utiliser des cartes de cr\u00e9dit ?\t\t\t<\/a>\n\t\t<\/h3>\n\t\t\t\t<div class=\"elementor-post__excerpt\">\n\t\t\t<p>&#13; Lorsque votre \u00e9quipe financi\u00e8re examine toutes les transactions individuelles relatives aux bananes au cours du dernier trimestre, il se peut qu&rsquo;elle grimace. Pourquoi ?<\/p>\n\t\t<\/div>\n\t\t\n\t\t<a class=\"elementor-post__read-more\" href=\"https:\/\/bullfrogtech.com\/fr\/petites-transactions-peut-on-se-permettre-dutiliser-des-cartes-de-credit\/\" aria-label=\"En savoir plus sur Petites transactions &#8211; Peut-on se permettre d&rsquo;utiliser des cartes de cr\u00e9dit ?\" tabindex=\"-1\" >\n\t\t\tLire plus \"\t\t<\/a>\n\n\t\t\t\t<\/div>\n\t\t\t\t<div class=\"elementor-post__meta-data\">\n\t\t\t\t\t<span class=\"elementor-post-date\">\n\t\t\tavril 4, 2020\t\t<\/span>\n\t\t\t\t<\/div>\n\t\t\t\t\t<\/div>\n\t\t<\/article>\n\t\t\t\t<article class=\"elementor-post elementor-grid-item post-1135 post type-post status-publish format-standard has-post-thumbnail hentry category-cafeterias-de-bureau category-centres-communautaires-et-de-loisirs category-ecoles-de-la-maternelle-a-la-12e-annee-publiques-et-privees category-soins-aux-personnes-agees category-soins-de-sante\" role=\"listitem\">\n\t\t\t<div class=\"elementor-post__card\">\n\t\t\t\t<a class=\"elementor-post__thumbnail__link\" href=\"https:\/\/bullfrogtech.com\/fr\/commande-mobile-les-cafeterias-du-21e-siecle\/\" tabindex=\"-1\" ><div class=\"elementor-post__thumbnail\"><img decoding=\"async\" width=\"300\" height=\"188\" src=\"https:\/\/bullfrogtech.com\/wp-content\/uploads\/2023\/06\/mobile-ordering-future-cafeterias-bullfrogtech-1080x675-1-1080x675-1-300x188.jpg\" class=\"attachment-medium size-medium wp-image-989\" alt=\"\" srcset=\"https:\/\/bullfrogtech.com\/wp-content\/uploads\/2023\/06\/mobile-ordering-future-cafeterias-bullfrogtech-1080x675-1-1080x675-1-300x188.jpg 300w, https:\/\/bullfrogtech.com\/wp-content\/uploads\/2023\/06\/mobile-ordering-future-cafeterias-bullfrogtech-1080x675-1-1080x675-1-1024x640.jpg 1024w, https:\/\/bullfrogtech.com\/wp-content\/uploads\/2023\/06\/mobile-ordering-future-cafeterias-bullfrogtech-1080x675-1-1080x675-1-768x480.jpg 768w, https:\/\/bullfrogtech.com\/wp-content\/uploads\/2023\/06\/mobile-ordering-future-cafeterias-bullfrogtech-1080x675-1-1080x675-1.jpg 1080w\" sizes=\"(max-width: 300px) 100vw, 300px\" \/><\/div><\/a>\n\t\t\t\t<div class=\"elementor-post__text\">\n\t\t\t\t<h3 class=\"elementor-post__title\">\n\t\t\t<a href=\"https:\/\/bullfrogtech.com\/fr\/commande-mobile-les-cafeterias-du-21e-siecle\/\" >\n\t\t\t\tCommande mobile &#8211; Les caf\u00e9t\u00e9rias du 21e si\u00e8cle\t\t\t<\/a>\n\t\t<\/h3>\n\t\t\t\t<div class=\"elementor-post__excerpt\">\n\t\t\t<p>Si la commande mobile est largement r\u00e9pandue dans les cha\u00eenes de restauration rapide et les restaurants, elle n&rsquo;a pas encore eu d&rsquo;impact significatif dans les<\/p>\n\t\t<\/div>\n\t\t\n\t\t<a class=\"elementor-post__read-more\" href=\"https:\/\/bullfrogtech.com\/fr\/commande-mobile-les-cafeterias-du-21e-siecle\/\" aria-label=\"En savoir plus sur Commande mobile &#8211; Les caf\u00e9t\u00e9rias du 21e si\u00e8cle\" tabindex=\"-1\" >\n\t\t\tLire plus \"\t\t<\/a>\n\n\t\t\t\t<\/div>\n\t\t\t\t<div class=\"elementor-post__meta-data\">\n\t\t\t\t\t<span class=\"elementor-post-date\">\n\t\t\tf\u00e9vrier 19, 2020\t\t<\/span>\n\t\t\t\t<\/div>\n\t\t\t\t\t<\/div>\n\t\t<\/article>\n\t\t\t\t<article class=\"elementor-post elementor-grid-item post-1137 post type-post status-publish format-standard has-post-thumbnail hentry category-cafeterias-de-bureau category-centres-communautaires-et-de-loisirs category-ecoles-de-la-maternelle-a-la-12e-annee-publiques-et-privees category-soins-aux-personnes-agees category-soins-de-sante\" role=\"listitem\">\n\t\t\t<div class=\"elementor-post__card\">\n\t\t\t\t<a class=\"elementor-post__thumbnail__link\" href=\"https:\/\/bullfrogtech.com\/fr\/gestion-quotidienne-de-la-tresorerie\/\" tabindex=\"-1\" ><div class=\"elementor-post__thumbnail\"><img loading=\"lazy\" decoding=\"async\" width=\"300\" height=\"188\" src=\"https:\/\/bullfrogtech.com\/wp-content\/uploads\/2023\/06\/Daily-Cash-Management-canadian-coins-Bullfrog-Pay-1080x675-1-1080x675-1-300x188.jpg\" class=\"attachment-medium size-medium wp-image-1004\" alt=\"\" srcset=\"https:\/\/bullfrogtech.com\/wp-content\/uploads\/2023\/06\/Daily-Cash-Management-canadian-coins-Bullfrog-Pay-1080x675-1-1080x675-1-300x188.jpg 300w, https:\/\/bullfrogtech.com\/wp-content\/uploads\/2023\/06\/Daily-Cash-Management-canadian-coins-Bullfrog-Pay-1080x675-1-1080x675-1-1024x640.jpg 1024w, https:\/\/bullfrogtech.com\/wp-content\/uploads\/2023\/06\/Daily-Cash-Management-canadian-coins-Bullfrog-Pay-1080x675-1-1080x675-1-768x480.jpg 768w, https:\/\/bullfrogtech.com\/wp-content\/uploads\/2023\/06\/Daily-Cash-Management-canadian-coins-Bullfrog-Pay-1080x675-1-1080x675-1.jpg 1080w\" sizes=\"(max-width: 300px) 100vw, 300px\" \/><\/div><\/a>\n\t\t\t\t<div class=\"elementor-post__text\">\n\t\t\t\t<h3 class=\"elementor-post__title\">\n\t\t\t<a href=\"https:\/\/bullfrogtech.com\/fr\/gestion-quotidienne-de-la-tresorerie\/\" >\n\t\t\t\tGestion quotidienne de la tr\u00e9sorerie\t\t\t<\/a>\n\t\t<\/h3>\n\t\t\t\t<div class=\"elementor-post__excerpt\">\n\t\t\t<p>Toute caf\u00e9t\u00e9ria ou confiserie dot\u00e9e d&rsquo;une caisse enregistreuse doit mettre en \u0153uvre des proc\u00e9dures de traitement des esp\u00e8ces appropri\u00e9es afin de prot\u00e9ger l&rsquo;organisation et tous<\/p>\n\t\t<\/div>\n\t\t\n\t\t<a class=\"elementor-post__read-more\" href=\"https:\/\/bullfrogtech.com\/fr\/gestion-quotidienne-de-la-tresorerie\/\" aria-label=\"En savoir plus sur Gestion quotidienne de la tr\u00e9sorerie\" tabindex=\"-1\" >\n\t\t\tLire plus \"\t\t<\/a>\n\n\t\t\t\t<\/div>\n\t\t\t\t<div class=\"elementor-post__meta-data\">\n\t\t\t\t\t<span class=\"elementor-post-date\">\n\t\t\tjanvier 12, 2020\t\t<\/span>\n\t\t\t\t<\/div>\n\t\t\t\t\t<\/div>\n\t\t<\/article>\n\t\t\t\t<article class=\"elementor-post elementor-grid-item post-1139 post type-post status-publish format-standard has-post-thumbnail hentry category-cafeterias-de-bureau category-centres-communautaires-et-de-loisirs category-ecoles-de-la-maternelle-a-la-12e-annee-publiques-et-privees category-soins-aux-personnes-agees category-soins-de-sante\" role=\"listitem\">\n\t\t\t<div class=\"elementor-post__card\">\n\t\t\t\t<a class=\"elementor-post__thumbnail__link\" href=\"https:\/\/bullfrogtech.com\/fr\/comment-nettoyer-correctement-les-surfaces-dun-ecran-tactile-pos\/\" tabindex=\"-1\" ><div class=\"elementor-post__thumbnail\"><img loading=\"lazy\" decoding=\"async\" width=\"300\" height=\"188\" src=\"https:\/\/bullfrogtech.com\/wp-content\/uploads\/2023\/06\/How-to-clean-POS-Touch-Screen-surfaces-Bullfrog-Tech-1080x675-1-1080x675-1-300x188.jpg\" class=\"attachment-medium size-medium wp-image-1005\" alt=\"\" srcset=\"https:\/\/bullfrogtech.com\/wp-content\/uploads\/2023\/06\/How-to-clean-POS-Touch-Screen-surfaces-Bullfrog-Tech-1080x675-1-1080x675-1-300x188.jpg 300w, https:\/\/bullfrogtech.com\/wp-content\/uploads\/2023\/06\/How-to-clean-POS-Touch-Screen-surfaces-Bullfrog-Tech-1080x675-1-1080x675-1-1024x640.jpg 1024w, https:\/\/bullfrogtech.com\/wp-content\/uploads\/2023\/06\/How-to-clean-POS-Touch-Screen-surfaces-Bullfrog-Tech-1080x675-1-1080x675-1-768x480.jpg 768w, https:\/\/bullfrogtech.com\/wp-content\/uploads\/2023\/06\/How-to-clean-POS-Touch-Screen-surfaces-Bullfrog-Tech-1080x675-1-1080x675-1.jpg 1080w\" sizes=\"(max-width: 300px) 100vw, 300px\" \/><\/div><\/a>\n\t\t\t\t<div class=\"elementor-post__text\">\n\t\t\t\t<h3 class=\"elementor-post__title\">\n\t\t\t<a href=\"https:\/\/bullfrogtech.com\/fr\/comment-nettoyer-correctement-les-surfaces-dun-ecran-tactile-pos\/\" >\n\t\t\t\tComment nettoyer correctement les surfaces d&rsquo;un \u00e9cran tactile PDV\t\t\t<\/a>\n\t\t<\/h3>\n\t\t\t\t<div class=\"elementor-post__excerpt\">\n\t\t\t<p>Bullfrog est tr\u00e8s fier d&rsquo;\u00eatre un partenaire autoris\u00e9 de Toshiba TCAP et ils ont fourni des informations tr\u00e8s opportunes sur le nettoyage appropri\u00e9 des surfaces<\/p>\n\t\t<\/div>\n\t\t\n\t\t<a class=\"elementor-post__read-more\" href=\"https:\/\/bullfrogtech.com\/fr\/comment-nettoyer-correctement-les-surfaces-dun-ecran-tactile-pos\/\" aria-label=\"En savoir plus sur Comment nettoyer correctement les surfaces d&rsquo;un \u00e9cran tactile PDV\" tabindex=\"-1\" >\n\t\t\tLire plus \"\t\t<\/a>\n\n\t\t\t\t<\/div>\n\t\t\t\t<div class=\"elementor-post__meta-data\">\n\t\t\t\t\t<span class=\"elementor-post-date\">\n\t\t\td\u00e9cembre 18, 2019\t\t<\/span>\n\t\t\t\t<\/div>\n\t\t\t\t\t<\/div>\n\t\t<\/article>\n\t\t\t\t<\/div>\n\t\t\t\t\t<span class=\"e-load-more-spinner\">\n\t\t\t\t<i aria-hidden=\"true\" class=\"fas fa-spinner\"><\/i>\t\t\t<\/span>\n\t\t\n\t\t\t\t\t\t<\/div>\n\t\t\t\t<\/div>\n\t\t\t\t\t<\/div>\n\t\t<\/div>\n\t\t\t\t\t<\/div>\n\t\t<\/section>\n\t\t\t\t<\/div>\n\t\t","protected":false},"excerpt":{"rendered":"<p>Blog cat\u00e9gorie Tous Centres communautaires et de loisirs Soins de sant\u00e9 Caf\u00e9t\u00e9rias de bureau \u00c9coles (de la maternelle \u00e0 la 12e ann\u00e9e, publiques et priv\u00e9es) Soins aux personnes \u00e2g\u00e9es<\/p>\n","protected":false},"author":1,"featured_media":0,"parent":0,"menu_order":0,"comment_status":"closed","ping_status":"closed","template":"","meta":{"_acf_changed":false,"_monsterinsights_skip_tracking":false,"_monsterinsights_sitenote_active":false,"_monsterinsights_sitenote_note":"","_monsterinsights_sitenote_category":0,"footnotes":""},"class_list":["post-1117","page","type-page","status-publish","hentry"],"acf":[],"yoast_head":"<!-- This site is optimized with the Yoast SEO plugin v22.0 - https:\/\/yoast.com\/wordpress\/plugins\/seo\/ -->\n<title>Blog - BullfrogTech<\/title>\n<meta name=\"robots\" content=\"index, follow, max-snippet:-1, max-image-preview:large, max-video-preview:-1\" \/>\n<link rel=\"canonical\" href=\"https:\/\/bullfrogtech.com\/fr\/blog\/\" \/>\n<meta property=\"og:locale\" content=\"fr_FR\" \/>\n<meta property=\"og:type\" content=\"article\" \/>\n<meta property=\"og:title\" content=\"Blog - BullfrogTech\" \/>\n<meta property=\"og:description\" content=\"Blog cat\u00e9gorie Tous Centres communautaires et de loisirs Soins de sant\u00e9 Caf\u00e9t\u00e9rias de bureau \u00c9coles (de la maternelle \u00e0 la 12e ann\u00e9e, publiques et priv\u00e9es) Soins aux personnes \u00e2g\u00e9es\" \/>\n<meta property=\"og:url\" content=\"https:\/\/bullfrogtech.com\/fr\/blog\/\" \/>\n<meta property=\"og:site_name\" content=\"BullfrogTech\" \/>\n<meta property=\"article:modified_time\" content=\"2023-07-12T18:00:40+00:00\" \/>\n<meta name=\"twitter:card\" content=\"summary_large_image\" \/>\n<script type=\"application\/ld+json\" class=\"yoast-schema-graph\">{\"@context\":\"https:\/\/schema.org\",\"@graph\":[{\"@type\":\"WebPage\",\"@id\":\"https:\/\/bullfrogtech.com\/fr\/blog\/\",\"url\":\"https:\/\/bullfrogtech.com\/fr\/blog\/\",\"name\":\"Blog - BullfrogTech\",\"isPartOf\":{\"@id\":\"https:\/\/bullfrogtech.com\/fr\/#website\"},\"datePublished\":\"2023-06-27T14:38:13+00:00\",\"dateModified\":\"2023-07-12T18:00:40+00:00\",\"breadcrumb\":{\"@id\":\"https:\/\/bullfrogtech.com\/fr\/blog\/#breadcrumb\"},\"inLanguage\":\"fr-FR\",\"potentialAction\":[{\"@type\":\"ReadAction\",\"target\":[\"https:\/\/bullfrogtech.com\/fr\/blog\/\"]}]},{\"@type\":\"BreadcrumbList\",\"@id\":\"https:\/\/bullfrogtech.com\/fr\/blog\/#breadcrumb\",\"itemListElement\":[{\"@type\":\"ListItem\",\"position\":1,\"name\":\"Home\",\"item\":\"https:\/\/bullfrogtech.com\/fr\/\"},{\"@type\":\"ListItem\",\"position\":2,\"name\":\"Blog\"}]},{\"@type\":\"WebSite\",\"@id\":\"https:\/\/bullfrogtech.com\/fr\/#website\",\"url\":\"https:\/\/bullfrogtech.com\/fr\/\",\"name\":\"BullfrogTech\",\"description\":\"Secure, All-In-One POS System\",\"potentialAction\":[{\"@type\":\"SearchAction\",\"target\":{\"@type\":\"EntryPoint\",\"urlTemplate\":\"https:\/\/bullfrogtech.com\/fr\/?s={search_term_string}\"},\"query-input\":\"required name=search_term_string\"}],\"inLanguage\":\"fr-FR\"}]}<\/script>\n<!-- \/ Yoast SEO plugin. -->","yoast_head_json":{"title":"Blog - BullfrogTech","robots":{"index":"index","follow":"follow","max-snippet":"max-snippet:-1","max-image-preview":"max-image-preview:large","max-video-preview":"max-video-preview:-1"},"canonical":"https:\/\/bullfrogtech.com\/fr\/blog\/","og_locale":"fr_FR","og_type":"article","og_title":"Blog - BullfrogTech","og_description":"Blog cat\u00e9gorie Tous Centres communautaires et de loisirs Soins de sant\u00e9 Caf\u00e9t\u00e9rias de bureau \u00c9coles (de la maternelle \u00e0 la 12e ann\u00e9e, publiques et priv\u00e9es) Soins aux personnes \u00e2g\u00e9es","og_url":"https:\/\/bullfrogtech.com\/fr\/blog\/","og_site_name":"BullfrogTech","article_modified_time":"2023-07-12T18:00:40+00:00","twitter_card":"summary_large_image","schema":{"@context":"https:\/\/schema.org","@graph":[{"@type":"WebPage","@id":"https:\/\/bullfrogtech.com\/fr\/blog\/","url":"https:\/\/bullfrogtech.com\/fr\/blog\/","name":"Blog - BullfrogTech","isPartOf":{"@id":"https:\/\/bullfrogtech.com\/fr\/#website"},"datePublished":"2023-06-27T14:38:13+00:00","dateModified":"2023-07-12T18:00:40+00:00","breadcrumb":{"@id":"https:\/\/bullfrogtech.com\/fr\/blog\/#breadcrumb"},"inLanguage":"fr-FR","potentialAction":[{"@type":"ReadAction","target":["https:\/\/bullfrogtech.com\/fr\/blog\/"]}]},{"@type":"BreadcrumbList","@id":"https:\/\/bullfrogtech.com\/fr\/blog\/#breadcrumb","itemListElement":[{"@type":"ListItem","position":1,"name":"Home","item":"https:\/\/bullfrogtech.com\/fr\/"},{"@type":"ListItem","position":2,"name":"Blog"}]},{"@type":"WebSite","@id":"https:\/\/bullfrogtech.com\/fr\/#website","url":"https:\/\/bullfrogtech.com\/fr\/","name":"BullfrogTech","description":"Secure, All-In-One POS System","potentialAction":[{"@type":"SearchAction","target":{"@type":"EntryPoint","urlTemplate":"https:\/\/bullfrogtech.com\/fr\/?s={search_term_string}"},"query-input":"required name=search_term_string"}],"inLanguage":"fr-FR"}]}},"_links":{"self":[{"href":"https:\/\/bullfrogtech.com\/fr\/wp-json\/wp\/v2\/pages\/1117","targetHints":{"allow":["GET"]}}],"collection":[{"href":"https:\/\/bullfrogtech.com\/fr\/wp-json\/wp\/v2\/pages"}],"about":[{"href":"https:\/\/bullfrogtech.com\/fr\/wp-json\/wp\/v2\/types\/page"}],"author":[{"embeddable":true,"href":"https:\/\/bullfrogtech.com\/fr\/wp-json\/wp\/v2\/users\/1"}],"replies":[{"embeddable":true,"href":"https:\/\/bullfrogtech.com\/fr\/wp-json\/wp\/v2\/comments?post=1117"}],"version-history":[{"count":5,"href":"https:\/\/bullfrogtech.com\/fr\/wp-json\/wp\/v2\/pages\/1117\/revisions"}],"predecessor-version":[{"id":1312,"href":"https:\/\/bullfrogtech.com\/fr\/wp-json\/wp\/v2\/pages\/1117\/revisions\/1312"}],"wp:attachment":[{"href":"https:\/\/bullfrogtech.com\/fr\/wp-json\/wp\/v2\/media?parent=1117"}],"curies":[{"name":"wp","href":"https:\/\/api.w.org\/{rel}","templated":true}]}}