{"id":1127,"date":"2023-06-22T17:12:17","date_gmt":"2023-06-22T17:12:17","guid":{"rendered":"https:\/\/bullfrogtech.com\/support-technique\/"},"modified":"2023-07-14T05:42:16","modified_gmt":"2023-07-14T05:42:16","slug":"support-technique","status":"publish","type":"page","link":"https:\/\/bullfrogtech.com\/fr\/support-technique\/","title":{"rendered":"Support technique"},"content":{"rendered":"\t\t<div data-elementor-type=\"wp-page\" data-elementor-id=\"1127\" class=\"elementor elementor-1127 elementor-368\" data-elementor-post-type=\"page\">\n\t\t\t\t\t\t<section class=\"elementor-section elementor-top-section elementor-element elementor-element-bf96d31 elementor-section-height-min-height elementor-section-boxed elementor-section-height-default elementor-section-items-middle\" data-id=\"bf96d31\" data-element_type=\"section\" data-e-type=\"section\" data-settings=\"{&quot;background_background&quot;:&quot;classic&quot;}\">\n\t\t\t\t\t\t\t<div class=\"elementor-background-overlay\"><\/div>\n\t\t\t\t\t\t\t<div class=\"elementor-container elementor-column-gap-default\">\n\t\t\t\t\t<div class=\"elementor-column elementor-col-50 elementor-top-column elementor-element elementor-element-842cde4\" data-id=\"842cde4\" data-element_type=\"column\" data-e-type=\"column\">\n\t\t\t<div class=\"elementor-widget-wrap elementor-element-populated\">\n\t\t\t\t\t\t<div class=\"elementor-element elementor-element-0c95a06 elementor-widget elementor-widget-heading\" data-id=\"0c95a06\" data-element_type=\"widget\" data-e-type=\"widget\" data-widget_type=\"heading.default\">\n\t\t\t\t<div class=\"elementor-widget-container\">\n\t\t\t\t\t<h1 class=\"elementor-heading-title elementor-size-default\">Support technique\n<\/h1>\t\t\t\t<\/div>\n\t\t\t\t<\/div>\n\t\t\t\t\t<\/div>\n\t\t<\/div>\n\t\t\t\t<div class=\"elementor-column elementor-col-50 elementor-top-column elementor-element elementor-element-3b2c416\" data-id=\"3b2c416\" data-element_type=\"column\" data-e-type=\"column\">\n\t\t\t<div class=\"elementor-widget-wrap\">\n\t\t\t\t\t\t\t<\/div>\n\t\t<\/div>\n\t\t\t\t\t<\/div>\n\t\t<\/section>\n\t\t\t\t<section class=\"elementor-section elementor-top-section elementor-element elementor-element-214de3a elementor-section-boxed elementor-section-height-default elementor-section-height-default\" data-id=\"214de3a\" data-element_type=\"section\" data-e-type=\"section\">\n\t\t\t\t\t\t<div class=\"elementor-container elementor-column-gap-default\">\n\t\t\t\t\t<div class=\"elementor-column elementor-col-66 elementor-top-column elementor-element elementor-element-ca1f5c4\" data-id=\"ca1f5c4\" data-element_type=\"column\" data-e-type=\"column\">\n\t\t\t<div class=\"elementor-widget-wrap elementor-element-populated\">\n\t\t\t\t\t\t<div class=\"elementor-element elementor-element-31c7efb elementor-widget elementor-widget-heading\" data-id=\"31c7efb\" data-element_type=\"widget\" data-e-type=\"widget\" data-widget_type=\"heading.default\">\n\t\t\t\t<div class=\"elementor-widget-container\">\n\t\t\t\t\t<h3 class=\"elementor-heading-title elementor-size-default\">Assistance \u00e0 la client\u00e8le et demandes de renseignements sur les produits<\/h3>\t\t\t\t<\/div>\n\t\t\t\t<\/div>\n\t\t\t\t<div class=\"elementor-element elementor-element-f3a08b1 elementor-view-stacked elementor-shape-square elementor-position-inline-start elementor-mobile-position-block-start elementor-widget elementor-widget-icon-box\" data-id=\"f3a08b1\" data-element_type=\"widget\" data-e-type=\"widget\" data-widget_type=\"icon-box.default\">\n\t\t\t\t<div class=\"elementor-widget-container\">\n\t\t\t\t\t\t\t<div class=\"elementor-icon-box-wrapper\">\n\n\t\t\t\t\t\t<div class=\"elementor-icon-box-icon\">\n\t\t\t\t<a href=\"\" class=\"elementor-icon\" tabindex=\"-1\" aria-label=\"Adresse \u00e9lectronique\">\n\t\t\t\t<i aria-hidden=\"true\" class=\"far fa-envelope\"><\/i>\t\t\t\t<\/a>\n\t\t\t<\/div>\n\t\t\t\n\t\t\t\t\t\t<div class=\"elementor-icon-box-content\">\n\n\t\t\t\t\t\t\t\t\t<h3 class=\"elementor-icon-box-title\">\n\t\t\t\t\t\t<a href=\"\" >\n\t\t\t\t\t\t\tAdresse \u00e9lectronique\t\t\t\t\t\t<\/a>\n\t\t\t\t\t<\/h3>\n\t\t\t\t\n\t\t\t\t\t\t\t\t\t<p class=\"elementor-icon-box-description\">\n\t\t\t\t\t\t<a href=\"mailto:info@BullfrogTech.com\">info@BullfrogTech.com  <\/a>\t\t\t\t\t<\/p>\n\t\t\t\t\n\t\t\t<\/div>\n\t\t\t\n\t\t<\/div>\n\t\t\t\t\t\t<\/div>\n\t\t\t\t<\/div>\n\t\t\t\t<div class=\"elementor-element elementor-element-44a0048 elementor-view-stacked elementor-shape-square elementor-position-inline-start elementor-mobile-position-block-start elementor-widget elementor-widget-icon-box\" data-id=\"44a0048\" data-element_type=\"widget\" data-e-type=\"widget\" data-widget_type=\"icon-box.default\">\n\t\t\t\t<div class=\"elementor-widget-container\">\n\t\t\t\t\t\t\t<div class=\"elementor-icon-box-wrapper\">\n\n\t\t\t\t\t\t<div class=\"elementor-icon-box-icon\">\n\t\t\t\t<a href=\"\" class=\"elementor-icon\" tabindex=\"-1\" aria-label=\"T\u00e9l\u00e9phone\">\n\t\t\t\t<i aria-hidden=\"true\" class=\"fas fa-phone-alt\"><\/i>\t\t\t\t<\/a>\n\t\t\t<\/div>\n\t\t\t\n\t\t\t\t\t\t<div class=\"elementor-icon-box-content\">\n\n\t\t\t\t\t\t\t\t\t<h3 class=\"elementor-icon-box-title\">\n\t\t\t\t\t\t<a href=\"\" >\n\t\t\t\t\t\t\tT\u00e9l\u00e9phone\t\t\t\t\t\t<\/a>\n\t\t\t\t\t<\/h3>\n\t\t\t\t\n\t\t\t\t\t\t\t\t\t<p class=\"elementor-icon-box-description\">\n\t\t\t\t\t\t<a href=\"tel:1-888-598-7504\">1-888-598-7504<\/a>\t\t\t\t\t<\/p>\n\t\t\t\t\n\t\t\t<\/div>\n\t\t\t\n\t\t<\/div>\n\t\t\t\t\t\t<\/div>\n\t\t\t\t<\/div>\n\t\t\t\t<div class=\"elementor-element elementor-element-b767c52 elementor-view-stacked elementor-shape-square elementor-position-inline-start elementor-mobile-position-block-start elementor-widget elementor-widget-icon-box\" data-id=\"b767c52\" data-element_type=\"widget\" data-e-type=\"widget\" data-widget_type=\"icon-box.default\">\n\t\t\t\t<div class=\"elementor-widget-container\">\n\t\t\t\t\t\t\t<div class=\"elementor-icon-box-wrapper\">\n\n\t\t\t\t\t\t<div class=\"elementor-icon-box-icon\">\n\t\t\t\t<a href=\"\" class=\"elementor-icon\" tabindex=\"-1\" aria-label=\"Adresse \u00e9lectronique\">\n\t\t\t\t<i aria-hidden=\"true\" class=\"far fa-envelope-open\"><\/i>\t\t\t\t<\/a>\n\t\t\t<\/div>\n\t\t\t\n\t\t\t\t\t\t<div class=\"elementor-icon-box-content\">\n\n\t\t\t\t\t\t\t\t\t<h3 class=\"elementor-icon-box-title\">\n\t\t\t\t\t\t<a href=\"\" >\n\t\t\t\t\t\t\tAdresse \u00e9lectronique\t\t\t\t\t\t<\/a>\n\t\t\t\t\t<\/h3>\n\t\t\t\t\n\t\t\t\t\t\t\t\t\t<p class=\"elementor-icon-box-description\">\n\t\t\t\t\t\t<a href=\"mailto:support@BullfrogTech.com\">support@BullfrogTech.com<\/a>\t\t\t\t\t<\/p>\n\t\t\t\t\n\t\t\t<\/div>\n\t\t\t\n\t\t<\/div>\n\t\t\t\t\t\t<\/div>\n\t\t\t\t<\/div>\n\t\t\t\t\t<\/div>\n\t\t<\/div>\n\t\t\t\t<div class=\"elementor-column elementor-col-33 elementor-top-column elementor-element elementor-element-5372c50\" data-id=\"5372c50\" data-element_type=\"column\" data-e-type=\"column\">\n\t\t\t<div class=\"elementor-widget-wrap elementor-element-populated\">\n\t\t\t\t\t\t<div class=\"elementor-element elementor-element-46dcd4f elementor-widget elementor-widget-heading\" data-id=\"46dcd4f\" data-element_type=\"widget\" data-e-type=\"widget\" data-widget_type=\"heading.default\">\n\t\t\t\t<div class=\"elementor-widget-container\">\n\t\t\t\t\t<h3 class=\"elementor-heading-title elementor-size-default\">Questions les plus fr\u00e9quentes sur l'assistance technique\n<\/h3>\t\t\t\t<\/div>\n\t\t\t\t<\/div>\n\t\t\t\t<div class=\"elementor-element elementor-element-e0ad029 elementor-widget elementor-widget-accordion\" data-id=\"e0ad029\" data-element_type=\"widget\" data-e-type=\"widget\" data-widget_type=\"accordion.default\">\n\t\t\t\t<div class=\"elementor-widget-container\">\n\t\t\t\t\t\t\t<div class=\"elementor-accordion\">\n\t\t\t\t\t\t\t<div class=\"elementor-accordion-item\">\n\t\t\t\t\t<div id=\"elementor-tab-title-2351\" class=\"elementor-tab-title\" data-tab=\"1\" role=\"button\" aria-controls=\"elementor-tab-content-2351\" aria-expanded=\"false\">\n\t\t\t\t\t\t\t\t\t\t\t\t\t<span class=\"elementor-accordion-icon elementor-accordion-icon-right\" aria-hidden=\"true\">\n\t\t\t\t\t\t\t\t\t\t\t\t\t\t\t<span class=\"elementor-accordion-icon-closed\"><i class=\"fas fa-plus\"><\/i><\/span>\n\t\t\t\t\t\t\t\t<span class=\"elementor-accordion-icon-opened\"><i class=\"fas fa-minus\"><\/i><\/span>\n\t\t\t\t\t\t\t\t\t\t\t\t\t\t<\/span>\n\t\t\t\t\t\t\t\t\t\t\t\t<a class=\"elementor-accordion-title\" tabindex=\"0\">Mon PIN PAD de paiement ne r\u00e9pond pas aux demandes d'autorisation de BullfrogPay.<\/a>\n\t\t\t\t\t<\/div>\n\t\t\t\t\t<div id=\"elementor-tab-content-2351\" class=\"elementor-tab-content elementor-clearfix\" data-tab=\"1\" role=\"region\" aria-labelledby=\"elementor-tab-title-2351\"><p>Il est assez fr\u00e9quent qu&rsquo;un DPA de paiement par code PIN cesse de r\u00e9pondre aux demandes d&rsquo;autorisation de BullfrogPDV. Le moyen le plus rapide de r\u00e9soudre ce probl\u00e8me est de red\u00e9marrer le PIN PAD. Consultez votre guide des services aux commer\u00e7ants pour savoir comment red\u00e9marrer votre PIN PAD.<\/p><\/div>\n\t\t\t\t<\/div>\n\t\t\t\t\t\t\t<div class=\"elementor-accordion-item\">\n\t\t\t\t\t<div id=\"elementor-tab-title-2352\" class=\"elementor-tab-title\" data-tab=\"2\" role=\"button\" aria-controls=\"elementor-tab-content-2352\" aria-expanded=\"false\">\n\t\t\t\t\t\t\t\t\t\t\t\t\t<span class=\"elementor-accordion-icon elementor-accordion-icon-right\" aria-hidden=\"true\">\n\t\t\t\t\t\t\t\t\t\t\t\t\t\t\t<span class=\"elementor-accordion-icon-closed\"><i class=\"fas fa-plus\"><\/i><\/span>\n\t\t\t\t\t\t\t\t<span class=\"elementor-accordion-icon-opened\"><i class=\"fas fa-minus\"><\/i><\/span>\n\t\t\t\t\t\t\t\t\t\t\t\t\t\t<\/span>\n\t\t\t\t\t\t\t\t\t\t\t\t<a class=\"elementor-accordion-title\" tabindex=\"0\">Mon imprimante n'imprime pas les re\u00e7us ou les rapports<\/a>\n\t\t\t\t\t<\/div>\n\t\t\t\t\t<div id=\"elementor-tab-content-2352\" class=\"elementor-tab-content elementor-clearfix\" data-tab=\"2\" role=\"region\" aria-labelledby=\"elementor-tab-title-2352\"><ol>\n<li>V\u00e9rifier qu&rsquo;il y a du papier dans l&rsquo;imprimante<\/li>\n<li>Mettre l&rsquo;imprimante hors tension, puis \u00e0 nouveau sous tension<\/li>\n<li>Appelez le service d&rsquo;assistance au 1-888-598-7504 si le probl\u00e8me n&rsquo;est pas r\u00e9solu.<\/li>\n<\/ol>\n<\/div>\n\t\t\t\t<\/div>\n\t\t\t\t\t\t\t<div class=\"elementor-accordion-item\">\n\t\t\t\t\t<div id=\"elementor-tab-title-2353\" class=\"elementor-tab-title\" data-tab=\"3\" role=\"button\" aria-controls=\"elementor-tab-content-2353\" aria-expanded=\"false\">\n\t\t\t\t\t\t\t\t\t\t\t\t\t<span class=\"elementor-accordion-icon elementor-accordion-icon-right\" aria-hidden=\"true\">\n\t\t\t\t\t\t\t\t\t\t\t\t\t\t\t<span class=\"elementor-accordion-icon-closed\"><i class=\"fas fa-plus\"><\/i><\/span>\n\t\t\t\t\t\t\t\t<span class=\"elementor-accordion-icon-opened\"><i class=\"fas fa-minus\"><\/i><\/span>\n\t\t\t\t\t\t\t\t\t\t\t\t\t\t<\/span>\n\t\t\t\t\t\t\t\t\t\t\t\t<a class=\"elementor-accordion-title\" tabindex=\"0\">J'ai oubli\u00e9 mon mot de passe BullfrogPDV<\/a>\n\t\t\t\t\t<\/div>\n\t\t\t\t\t<div id=\"elementor-tab-content-2353\" class=\"elementor-tab-content elementor-clearfix\" data-tab=\"3\" role=\"region\" aria-labelledby=\"elementor-tab-title-2353\"><p>Contactez votre responsable pour r\u00e9initialiser votre compte utilisateur BullfrogPDV. Vous serez alors invit\u00e9 \u00e0 saisir un nouveau mot de passe lors de votre prochaine connexion \u00e0 BullfrogPOS.<\/p><\/div>\n\t\t\t\t<\/div>\n\t\t\t\t\t\t\t<div class=\"elementor-accordion-item\">\n\t\t\t\t\t<div id=\"elementor-tab-title-2354\" class=\"elementor-tab-title\" data-tab=\"4\" role=\"button\" aria-controls=\"elementor-tab-content-2354\" aria-expanded=\"false\">\n\t\t\t\t\t\t\t\t\t\t\t\t\t<span class=\"elementor-accordion-icon elementor-accordion-icon-right\" aria-hidden=\"true\">\n\t\t\t\t\t\t\t\t\t\t\t\t\t\t\t<span class=\"elementor-accordion-icon-closed\"><i class=\"fas fa-plus\"><\/i><\/span>\n\t\t\t\t\t\t\t\t<span class=\"elementor-accordion-icon-opened\"><i class=\"fas fa-minus\"><\/i><\/span>\n\t\t\t\t\t\t\t\t\t\t\t\t\t\t<\/span>\n\t\t\t\t\t\t\t\t\t\t\t\t<a class=\"elementor-accordion-title\" tabindex=\"0\">Je ne peux pas me connecter \u00e0 Bullfrog Cloud<\/a>\n\t\t\t\t\t<\/div>\n\t\t\t\t\t<div id=\"elementor-tab-content-2354\" class=\"elementor-tab-content elementor-clearfix\" data-tab=\"4\" role=\"region\" aria-labelledby=\"elementor-tab-title-2354\"><p>Si vous recevez un message lorsque vous vous connectez, indiquant que votre mot de passe n&rsquo;est pas correct, cliquez sur le lien \u00ab\u00a0Mot de passe oubli\u00e9\u00a0\u00bb situ\u00e9 juste sous le bouton vert de connexion. Vous recevrez alors une r\u00e9ponse automatique dans votre bo\u00eete aux lettres \u00e9lectronique avec des instructions sur la r\u00e9initialisation de votre mot de passe.<\/p>\n<\/div>\n\t\t\t\t<\/div>\n\t\t\t\t\t\t\t<div class=\"elementor-accordion-item\">\n\t\t\t\t\t<div id=\"elementor-tab-title-2355\" class=\"elementor-tab-title\" data-tab=\"5\" role=\"button\" aria-controls=\"elementor-tab-content-2355\" aria-expanded=\"false\">\n\t\t\t\t\t\t\t\t\t\t\t\t\t<span class=\"elementor-accordion-icon elementor-accordion-icon-right\" aria-hidden=\"true\">\n\t\t\t\t\t\t\t\t\t\t\t\t\t\t\t<span class=\"elementor-accordion-icon-closed\"><i class=\"fas fa-plus\"><\/i><\/span>\n\t\t\t\t\t\t\t\t<span class=\"elementor-accordion-icon-opened\"><i class=\"fas fa-minus\"><\/i><\/span>\n\t\t\t\t\t\t\t\t\t\t\t\t\t\t<\/span>\n\t\t\t\t\t\t\t\t\t\t\t\t<a class=\"elementor-accordion-title\" tabindex=\"0\">Il manque des donn\u00e9es de vente sur mon compte Bullfrog Cloud<\/a>\n\t\t\t\t\t<\/div>\n\t\t\t\t\t<div id=\"elementor-tab-content-2355\" class=\"elementor-tab-content elementor-clearfix\" data-tab=\"5\" role=\"region\" aria-labelledby=\"elementor-tab-title-2355\"><p>Les donn\u00e9es de votre (vos) terminal(aux) de paiement sont synchronis\u00e9es en permanence avec le cloud pendant votre journ\u00e9e de travail. Si les donn\u00e9es ne sont pas sur le nuage de Bullfrog, il y a un probl\u00e8me avec votre connexion Internet. Essayez ceci :<\/p><ul><li>Red\u00e9marrez votre\/vos PDV Lane(s) et v\u00e9rifiez \u00e0 nouveau dans environ 5 minutes.<\/li><li>S&rsquo;il est toujours manquant, contactez notre \u00e9quipe d&rsquo;assistance 1-888-598-7504<\/li><\/ul><\/div>\n\t\t\t\t<\/div>\n\t\t\t\t\t\t\t\t<\/div>\n\t\t\t\t\t\t<\/div>\n\t\t\t\t<\/div>\n\t\t\t\t\t<\/div>\n\t\t<\/div>\n\t\t\t\t\t<\/div>\n\t\t<\/section>\n\t\t\t\t<\/div>\n\t\t","protected":false},"excerpt":{"rendered":"<p>Support technique Assistance \u00e0 la client\u00e8le et demandes de renseignements sur les produits Adresse \u00e9lectronique info@BullfrogTech.com T\u00e9l\u00e9phone 1-888-598-7504 Adresse \u00e9lectronique support@BullfrogTech.com Questions les plus fr\u00e9quentes sur l&rsquo;assistance technique Mon PIN PAD de paiement ne r\u00e9pond pas aux demandes d&rsquo;autorisation de BullfrogPay. Il est assez fr\u00e9quent qu&#8217;un DPA de paiement par code PIN cesse de r\u00e9pondre [&hellip;]<\/p>\n","protected":false},"author":1,"featured_media":0,"parent":0,"menu_order":0,"comment_status":"closed","ping_status":"closed","template":"","meta":{"_acf_changed":false,"_monsterinsights_skip_tracking":false,"_monsterinsights_sitenote_active":false,"_monsterinsights_sitenote_note":"","_monsterinsights_sitenote_category":0,"footnotes":""},"class_list":["post-1127","page","type-page","status-publish","hentry"],"acf":[],"yoast_head":"<!-- This site is optimized with the Yoast SEO plugin v22.0 - https:\/\/yoast.com\/wordpress\/plugins\/seo\/ -->\n<title>Support technique - BullfrogTech<\/title>\n<meta name=\"robots\" content=\"index, follow, max-snippet:-1, max-image-preview:large, max-video-preview:-1\" \/>\n<link rel=\"canonical\" href=\"https:\/\/bullfrogtech.com\/fr\/support-technique\/\" \/>\n<meta property=\"og:locale\" content=\"fr_FR\" \/>\n<meta property=\"og:type\" content=\"article\" \/>\n<meta property=\"og:title\" content=\"Support technique - BullfrogTech\" \/>\n<meta property=\"og:description\" content=\"Support technique Assistance \u00e0 la client\u00e8le et demandes de renseignements sur les produits Adresse \u00e9lectronique info@BullfrogTech.com T\u00e9l\u00e9phone 1-888-598-7504 Adresse \u00e9lectronique support@BullfrogTech.com Questions les plus fr\u00e9quentes sur l&rsquo;assistance technique Mon PIN PAD de paiement ne r\u00e9pond pas aux demandes d&rsquo;autorisation de BullfrogPay. Il est assez fr\u00e9quent qu&#8217;un DPA de paiement par code PIN cesse de r\u00e9pondre [&hellip;]\" \/>\n<meta property=\"og:url\" content=\"https:\/\/bullfrogtech.com\/fr\/support-technique\/\" \/>\n<meta property=\"og:site_name\" content=\"BullfrogTech\" \/>\n<meta property=\"article:modified_time\" content=\"2023-07-14T05:42:16+00:00\" \/>\n<meta name=\"twitter:card\" content=\"summary_large_image\" \/>\n<meta name=\"twitter:label1\" content=\"Dur\u00e9e de lecture estim\u00e9e\" \/>\n\t<meta name=\"twitter:data1\" content=\"2 minutes\" \/>\n<script type=\"application\/ld+json\" class=\"yoast-schema-graph\">{\"@context\":\"https:\/\/schema.org\",\"@graph\":[{\"@type\":\"WebPage\",\"@id\":\"https:\/\/bullfrogtech.com\/fr\/support-technique\/\",\"url\":\"https:\/\/bullfrogtech.com\/fr\/support-technique\/\",\"name\":\"Support technique - BullfrogTech\",\"isPartOf\":{\"@id\":\"https:\/\/bullfrogtech.com\/fr\/#website\"},\"datePublished\":\"2023-06-22T17:12:17+00:00\",\"dateModified\":\"2023-07-14T05:42:16+00:00\",\"breadcrumb\":{\"@id\":\"https:\/\/bullfrogtech.com\/fr\/support-technique\/#breadcrumb\"},\"inLanguage\":\"fr-FR\",\"potentialAction\":[{\"@type\":\"ReadAction\",\"target\":[\"https:\/\/bullfrogtech.com\/fr\/support-technique\/\"]}]},{\"@type\":\"BreadcrumbList\",\"@id\":\"https:\/\/bullfrogtech.com\/fr\/support-technique\/#breadcrumb\",\"itemListElement\":[{\"@type\":\"ListItem\",\"position\":1,\"name\":\"Home\",\"item\":\"https:\/\/bullfrogtech.com\/fr\/\"},{\"@type\":\"ListItem\",\"position\":2,\"name\":\"Support technique\"}]},{\"@type\":\"WebSite\",\"@id\":\"https:\/\/bullfrogtech.com\/fr\/#website\",\"url\":\"https:\/\/bullfrogtech.com\/fr\/\",\"name\":\"BullfrogTech\",\"description\":\"Secure, All-In-One POS System\",\"potentialAction\":[{\"@type\":\"SearchAction\",\"target\":{\"@type\":\"EntryPoint\",\"urlTemplate\":\"https:\/\/bullfrogtech.com\/fr\/?s={search_term_string}\"},\"query-input\":\"required name=search_term_string\"}],\"inLanguage\":\"fr-FR\"}]}<\/script>\n<!-- \/ Yoast SEO plugin. -->","yoast_head_json":{"title":"Support technique - BullfrogTech","robots":{"index":"index","follow":"follow","max-snippet":"max-snippet:-1","max-image-preview":"max-image-preview:large","max-video-preview":"max-video-preview:-1"},"canonical":"https:\/\/bullfrogtech.com\/fr\/support-technique\/","og_locale":"fr_FR","og_type":"article","og_title":"Support technique - BullfrogTech","og_description":"Support technique Assistance \u00e0 la client\u00e8le et demandes de renseignements sur les produits Adresse \u00e9lectronique info@BullfrogTech.com T\u00e9l\u00e9phone 1-888-598-7504 Adresse \u00e9lectronique support@BullfrogTech.com Questions les plus fr\u00e9quentes sur l&rsquo;assistance technique Mon PIN PAD de paiement ne r\u00e9pond pas aux demandes d&rsquo;autorisation de BullfrogPay. Il est assez fr\u00e9quent qu&#8217;un DPA de paiement par code PIN cesse de r\u00e9pondre [&hellip;]","og_url":"https:\/\/bullfrogtech.com\/fr\/support-technique\/","og_site_name":"BullfrogTech","article_modified_time":"2023-07-14T05:42:16+00:00","twitter_card":"summary_large_image","twitter_misc":{"Dur\u00e9e de lecture estim\u00e9e":"2 minutes"},"schema":{"@context":"https:\/\/schema.org","@graph":[{"@type":"WebPage","@id":"https:\/\/bullfrogtech.com\/fr\/support-technique\/","url":"https:\/\/bullfrogtech.com\/fr\/support-technique\/","name":"Support technique - BullfrogTech","isPartOf":{"@id":"https:\/\/bullfrogtech.com\/fr\/#website"},"datePublished":"2023-06-22T17:12:17+00:00","dateModified":"2023-07-14T05:42:16+00:00","breadcrumb":{"@id":"https:\/\/bullfrogtech.com\/fr\/support-technique\/#breadcrumb"},"inLanguage":"fr-FR","potentialAction":[{"@type":"ReadAction","target":["https:\/\/bullfrogtech.com\/fr\/support-technique\/"]}]},{"@type":"BreadcrumbList","@id":"https:\/\/bullfrogtech.com\/fr\/support-technique\/#breadcrumb","itemListElement":[{"@type":"ListItem","position":1,"name":"Home","item":"https:\/\/bullfrogtech.com\/fr\/"},{"@type":"ListItem","position":2,"name":"Support technique"}]},{"@type":"WebSite","@id":"https:\/\/bullfrogtech.com\/fr\/#website","url":"https:\/\/bullfrogtech.com\/fr\/","name":"BullfrogTech","description":"Secure, All-In-One POS System","potentialAction":[{"@type":"SearchAction","target":{"@type":"EntryPoint","urlTemplate":"https:\/\/bullfrogtech.com\/fr\/?s={search_term_string}"},"query-input":"required name=search_term_string"}],"inLanguage":"fr-FR"}]}},"_links":{"self":[{"href":"https:\/\/bullfrogtech.com\/fr\/wp-json\/wp\/v2\/pages\/1127","targetHints":{"allow":["GET"]}}],"collection":[{"href":"https:\/\/bullfrogtech.com\/fr\/wp-json\/wp\/v2\/pages"}],"about":[{"href":"https:\/\/bullfrogtech.com\/fr\/wp-json\/wp\/v2\/types\/page"}],"author":[{"embeddable":true,"href":"https:\/\/bullfrogtech.com\/fr\/wp-json\/wp\/v2\/users\/1"}],"replies":[{"embeddable":true,"href":"https:\/\/bullfrogtech.com\/fr\/wp-json\/wp\/v2\/comments?post=1127"}],"version-history":[{"count":4,"href":"https:\/\/bullfrogtech.com\/fr\/wp-json\/wp\/v2\/pages\/1127\/revisions"}],"predecessor-version":[{"id":1410,"href":"https:\/\/bullfrogtech.com\/fr\/wp-json\/wp\/v2\/pages\/1127\/revisions\/1410"}],"wp:attachment":[{"href":"https:\/\/bullfrogtech.com\/fr\/wp-json\/wp\/v2\/media?parent=1127"}],"curies":[{"name":"wp","href":"https:\/\/api.w.org\/{rel}","templated":true}]}}